{"id":386,"date":"2016-07-20T14:31:32","date_gmt":"2016-07-20T18:31:32","guid":{"rendered":"http:\/\/biblio.brossard.ca\/fablab\/?page_id=386"},"modified":"2024-01-08T14:31:40","modified_gmt":"2024-01-08T19:31:40","slug":"presse-chaleur","status":"publish","type":"page","link":"https:\/\/biblio.brossard.ca\/fablab\/presse-chaleur\/","title":{"rendered":"Presse \u00e0 chaleur"},"content":{"rendered":"<div class=\"box-flex\">\n<div class=\"data-fiche-machine\">\n<p><img decoding=\"async\" src=\"https:\/\/biblio.brossard.ca\/fablab\/wp-content\/uploads\/equipement\/machines\/presse_chaleur\/presse_chaleur-260.jpg\"><\/p>\n<table style=\"width: 100%;\">\n<tbody>\n<tr>\n<td style=\"width: 33%\"><img decoding=\"async\" class=\"aligncenter\" src=\"https:\/\/biblio.brossard.ca\/fablab\/wp-content\/uploads\/equipement\/machines\/presse_chaleur\/presse_chaleur_tasse.jpg\"><\/td>\n<td style=\"width: 33%\"><img decoding=\"async\" class=\"aligncenter\" src=\"https:\/\/biblio.brossard.ca\/fablab\/wp-content\/uploads\/equipement\/machines\/presse_chaleur\/presse_chaleur_casquette.jpg\"><\/td>\n<td style=\"width: 33%\"><img decoding=\"async\" class=\"aligncenter\" src=\"https:\/\/biblio.brossard.ca\/fablab\/wp-content\/uploads\/equipement\/machines\/presse_chaleur\/presse_chaleur_assiette.jpg\"><\/td>\n<\/tr>\n<\/tbody>\n<\/table>\n<p style=\"margin-top: 16px;\"><strong>Co\u00fbts<\/strong><\/p>\n<p>Gratuit<\/p>\n<\/div>\n<div class=\"data-fiche-machine\">\n<p><strong>Geo Knight DC16<\/strong><\/p>\n<p>Les presses \u00e0 chaud (ou presses \u00e0 transfert) sont utilis\u00e9es surtout pour le flocage et la sublimation. Largement utilis\u00e9es pour des transferts sur supports plats comme des tee-shirts ou des serviettes, elles peuvent aussi servir \u00e0 l&rsquo;impression sur tasses, casquettes, casse-t\u00eates et bien d&rsquo;autres articles.<\/p>\n<p>\u00c0 utiliser avec :<\/p>\n<ul>\n<li><a href=\"https:\/\/biblio.brossard.ca\/fablab\/imprimante-a-sublimation\/\">Imprimante \u00e0 sublimation<\/a><\/li>\n<li><a href=\"https:\/\/biblio.brossard.ca\/fablab\/decoupe-vinyle\/\">D\u00e9coupe vinyle<\/a><\/li>\n<li><a href=\"https:\/\/biblio.brossard.ca\/fablab\/imprimante-et-decoupe-vinyle\/\">Imprimante et d\u00e9coupe vinyle<\/a><\/li>\n<\/ul>\n<p><strong><a href=\"https:\/\/docs.google.com\/forms\/d\/e\/1FAIpQLSeyskPIHcVEkUoTzvvl3PmfexRhfIHGAt4zHpSKDgf3I_6rog\/viewform?embedded=true\" target=\"_blank\" rel=\"noopener\">R\u00e9server cet \u00e9quipement<\/a><\/strong><\/p>\n<p><strong>Ce que l&rsquo;on peut faire<\/strong><\/p>\n<p>Pression \u00e0 chaud de tasses, assiettes et casquettes.<\/p>\n<\/div>\n<\/div>\n","protected":false},"excerpt":{"rendered":"<p>Co\u00fbts Gratuit Geo Knight DC16 Les presses \u00e0 chaud (ou presses \u00e0 transfert) sont utilis\u00e9es surtout pour le flocage et la sublimation. Largement utilis\u00e9es pour des transferts sur supports plats comme des tee-shirts ou des serviettes, elles peuvent aussi servir \u00e0 l&rsquo;impression sur tasses, casquettes, casse-t\u00eates et bien d&rsquo;autres articles. \u00c0 utiliser avec : Imprimante&hellip;<\/p>\n","protected":false},"author":1,"featured_media":0,"parent":0,"menu_order":0,"comment_status":"closed","ping_status":"closed","template":"","meta":{"_monsterinsights_skip_tracking":false,"_monsterinsights_sitenote_active":false,"_monsterinsights_sitenote_note":"","_monsterinsights_sitenote_category":0,"footnotes":""},"class_list":["post-386","page","type-page","status-publish","hentry","no-thumb"],"jetpack_sharing_enabled":true,"publishpress_future_action":{"enabled":false,"date":"2026-05-14 03:58:14","action":"change-status","newStatus":"draft","terms":[],"taxonomy":"","extraData":[]},"publishpress_future_workflow_manual_trigger":{"enabledWorkflows":[]},"_links":{"self":[{"href":"https:\/\/biblio.brossard.ca\/fablab\/wp-json\/wp\/v2\/pages\/386","targetHints":{"allow":["GET"]}}],"collection":[{"href":"https:\/\/biblio.brossard.ca\/fablab\/wp-json\/wp\/v2\/pages"}],"about":[{"href":"https:\/\/biblio.brossard.ca\/fablab\/wp-json\/wp\/v2\/types\/page"}],"author":[{"embeddable":true,"href":"https:\/\/biblio.brossard.ca\/fablab\/wp-json\/wp\/v2\/users\/1"}],"replies":[{"embeddable":true,"href":"https:\/\/biblio.brossard.ca\/fablab\/wp-json\/wp\/v2\/comments?post=386"}],"version-history":[{"count":38,"href":"https:\/\/biblio.brossard.ca\/fablab\/wp-json\/wp\/v2\/pages\/386\/revisions"}],"predecessor-version":[{"id":3977,"href":"https:\/\/biblio.brossard.ca\/fablab\/wp-json\/wp\/v2\/pages\/386\/revisions\/3977"}],"wp:attachment":[{"href":"https:\/\/biblio.brossard.ca\/fablab\/wp-json\/wp\/v2\/media?parent=386"}],"curies":[{"name":"wp","href":"https:\/\/api.w.org\/{rel}","templated":true}]}}