{"id":367,"date":"2016-07-20T14:29:13","date_gmt":"2016-07-20T18:29:13","guid":{"rendered":"http:\/\/biblio.brossard.ca\/fablab\/?page_id=367"},"modified":"2024-10-02T15:57:44","modified_gmt":"2024-10-02T19:57:44","slug":"decoupe-laser","status":"publish","type":"page","link":"https:\/\/biblio.brossard.ca\/fablab\/decoupe-laser\/","title":{"rendered":"D\u00e9coupe laser"},"content":{"rendered":"<div class=\"box-flex\">\n<div class=\"data-fiche-machine\">\n<p><img decoding=\"async\" src=\"https:\/\/biblio.brossard.ca\/fablab\/wp-content\/uploads\/equipement\/machines\/decoupe_laser\/decoupe_laser-260.jpg\"><\/p>\n<table style=\"width: 100%;\">\n<tbody>\n<tr>\n<td style=\"width: 33%\"><img decoding=\"async\" class=\"aligncenter\" src=\"https:\/\/biblio.brossard.ca\/fablab\/wp-content\/uploads\/equipement\/machines\/decoupe_laser\/decoupe_laser_couvercle_ouvert.jpg\"><\/td>\n<td style=\"width: 33%\"><img decoding=\"async\" class=\"aligncenter\" src=\"https:\/\/biblio.brossard.ca\/fablab\/wp-content\/uploads\/equipement\/machines\/decoupe_laser\/lion.jpg\"><\/td>\n<td style=\"width: 33%\"><img decoding=\"async\" class=\"aligncenter\" src=\"https:\/\/biblio.brossard.ca\/fablab\/wp-content\/uploads\/equipement\/machines\/decoupe_laser\/mouche.jpg\"><\/td>\n<\/tr>\n<\/tbody>\n<\/table>\n<p style=\"margin-top: 16px;\"><strong>Co\u00fbts<\/strong><\/p>\n<p>Utilisation\/temps<br \/>\nPrix membre : 1,00 $ \/ minute<br \/>\nPrix non membre : 3,00 $ \/ minute<\/p>\n<p style=\"margin-top: 16px;\"><strong>Produits offerts<\/strong><\/p>\n<p>Merisier russe (15 po X 30 po)<br \/>\nPrix membre :  5,00 $<br \/>\nPrix non membre : 15,00 $<\/p>\n<p>Acrylique 1\/16 po et 1\/8 po<br \/>\nPrix membre : 20 $ \/ unit\u00e9<br \/>\nPrix non membre : 60 $ \/ unit\u00e9<\/p>\n<\/div>\n<div class=\"data-fiche-machine\">\n<p><strong>Trotec Speedy 300<\/strong><\/p>\n<p>Cet outil permet de d\u00e9couper et de graver, avec une grande pr\u00e9cision, des objets et de la mati\u00e8re en utilisant l\u2019\u00e9nergie d\u2019un laser. Les mat\u00e9riaux travaill\u00e9s sont principalement le bois et le plexiglas. La d\u00e9coupe transf\u00e8re un dessin 2D sur une surface; la profondeur de la br\u00fblure est contr\u00f4l\u00e9e par les niveaux de gris de l\u2019image envoy\u00e9e \u00e0 l\u2019outil.<\/p>\n<p>Mat\u00e9riaux accept\u00e9s :<\/p>\n<ul>\n<li>Acrylique (gravure et coupe)<\/li>\n<li>Bois (gravure et coupe)<\/li>\n<li>Cuir (gravure et coupe)<\/li>\n<li>Papier (gravure et coupe)<\/li>\n<li>Pierre (gravure uniquement)<\/li>\n<li>Plastique (gravure et coupe)<\/li>\n<li>Textile (gravure et coupe)<\/li>\n<li>Verre (gravure uniquement)<\/li>\n<\/ul>\n<p>L&rsquo;utilisation d&rsquo;un mat\u00e9riel inconnu est strictement interdite.<\/p>\n<p><strong><a href=\"https:\/\/docs.google.com\/forms\/d\/e\/1FAIpQLSeyskPIHcVEkUoTzvvl3PmfexRhfIHGAt4zHpSKDgf3I_6rog\/viewform?embedded=true\" target=\"_blank\" rel=\"noopener\">R\u00e9server cet \u00e9quipement<\/a><\/strong><\/p>\n<p><strong>Ce que l&rsquo;on peut faire<\/strong><\/p>\n<p>Prototypage, bo\u00eetes, articles personnalis\u00e9s (porte-cl\u00e9s, planches \u00e0 d\u00e9couper, verres, etc.), bijoux, lanterne, articles de d\u00e9corations, etc.<\/p>\n<p><strong>Logiciels de cr\u00e9ation<\/strong><\/p>\n<p>Illustrator (vecteurs)<\/p>\n<p>Inkscape (vecteurs)<\/p>\n<table>\n<tr>\n<th colspan=\"5\">Type(s) de fichier accept\u00e9(s)<\/th>\n<\/tr>\n<\/tr>\n<td>PDF<\/td>\n<td>JPG<\/td>\n<td>SVG<\/td>\n<td>AI<\/td>\n<td>EPS<\/td>\n<\/tr>\n<\/table>\n<p>Il faut utiliser les codes de couleurs pr\u00e9cis.<\/p>\n<p style=\"margin-top: 16px;\">Environnement compatible : PC.<\/p>\n<\/div>\n<\/div>\n<p><strong>Guide et tutoriel<\/strong><\/p>\n<p><a href=\"https:\/\/biblio.brossard.ca\/fablab\/wp-content\/uploads\/equipement\/machines\/decoupe_laser\/guide_express_decoupe_laser.pdf\" target=\"_blank\" rel=\"noopener\"><img decoding=\"async\" src=\"https:\/\/biblio.brossard.ca\/fablab\/wp-content\/uploads\/equipement\/machines\/decoupe_laser\/guide_express_decoupe_laser.jpg\"><\/a><br \/>\n<a href=\"https:\/\/biblio.brossard.ca\/fablab\/wp-content\/uploads\/equipement\/machines\/decoupe_laser\/guide_decoupe_laser.pdf\" target=\"_blank\" rel=\"noopener\"><img decoding=\"async\" src=\"https:\/\/biblio.brossard.ca\/fablab\/wp-content\/uploads\/equipement\/machines\/decoupe_laser\/guide_decoupe_laser.jpg\"><\/a> <a href=\"https:\/\/biblio.brossard.ca\/fablab\/wp-content\/uploads\/equipement\/machines\/decoupe_laser\/guide_decoupe_laser.pdf\" target=\"_blank\" rel=\"noopener\">Guide d&rsquo;introduction : d\u00e9coupe &amp; gravure laser<\/a><br \/>\n<a href=\"http:\/\/www.fablab-lacote.ch\/wiki\/_media\/wiki:machines:decoupeuse_laser_-_formation_basique.pdf\" target=\"_blank\" rel=\"noopener noreferrer\"><img decoding=\"async\" src=\"https:\/\/biblio.brossard.ca\/fablab\/wp-content\/uploads\/equipement\/icone_html.png\"><\/a> <a href=\"http:\/\/www.fablab-lacote.ch\/wiki\/_media\/wiki:machines:decoupeuse_laser_-_formation_basique.pdf\" target=\"_blank\" rel=\"noopener noreferrer\">Fab Lab Fribourg : d\u00e9coupeuse laser Speedy 300 &#8211; guide de formation basique<\/a><\/p>\n","protected":false},"excerpt":{"rendered":"<p>Co\u00fbts Utilisation\/temps Prix membre : 1,00 $ \/ minute Prix non membre : 3,00 $ \/ minute Produits offerts Merisier russe (15 po X 30 po) Prix membre : 5,00 $ Prix non membre : 15,00 $ Acrylique 1\/16 po et 1\/8 po Prix membre : 20 $ \/ unit\u00e9 Prix non membre : 60&hellip;<\/p>\n","protected":false},"author":1,"featured_media":0,"parent":0,"menu_order":0,"comment_status":"closed","ping_status":"closed","template":"","meta":{"_monsterinsights_skip_tracking":false,"_monsterinsights_sitenote_active":false,"_monsterinsights_sitenote_note":"","_monsterinsights_sitenote_category":0,"footnotes":""},"class_list":["post-367","page","type-page","status-publish","hentry","no-thumb"],"jetpack_sharing_enabled":true,"publishpress_future_action":{"enabled":false,"date":"2026-05-01 14:45:56","action":"change-status","newStatus":"draft","terms":[],"taxonomy":"","extraData":[]},"publishpress_future_workflow_manual_trigger":{"enabledWorkflows":[]},"_links":{"self":[{"href":"https:\/\/biblio.brossard.ca\/fablab\/wp-json\/wp\/v2\/pages\/367","targetHints":{"allow":["GET"]}}],"collection":[{"href":"https:\/\/biblio.brossard.ca\/fablab\/wp-json\/wp\/v2\/pages"}],"about":[{"href":"https:\/\/biblio.brossard.ca\/fablab\/wp-json\/wp\/v2\/types\/page"}],"author":[{"embeddable":true,"href":"https:\/\/biblio.brossard.ca\/fablab\/wp-json\/wp\/v2\/users\/1"}],"replies":[{"embeddable":true,"href":"https:\/\/biblio.brossard.ca\/fablab\/wp-json\/wp\/v2\/comments?post=367"}],"version-history":[{"count":84,"href":"https:\/\/biblio.brossard.ca\/fablab\/wp-json\/wp\/v2\/pages\/367\/revisions"}],"predecessor-version":[{"id":4017,"href":"https:\/\/biblio.brossard.ca\/fablab\/wp-json\/wp\/v2\/pages\/367\/revisions\/4017"}],"wp:attachment":[{"href":"https:\/\/biblio.brossard.ca\/fablab\/wp-json\/wp\/v2\/media?parent=367"}],"curies":[{"name":"wp","href":"https:\/\/api.w.org\/{rel}","templated":true}]}}