{"id":361,"date":"2016-07-20T14:24:59","date_gmt":"2016-07-20T18:24:59","guid":{"rendered":"http:\/\/biblio.brossard.ca\/fablab\/?page_id=361"},"modified":"2024-01-08T14:42:58","modified_gmt":"2024-01-08T19:42:58","slug":"brodeuse","status":"publish","type":"page","link":"https:\/\/biblio.brossard.ca\/fablab\/brodeuse\/","title":{"rendered":"Brodeuse"},"content":{"rendered":"<div class=\"box-flex\">\n<div class=\"data-fiche-machine\">\n<p><img decoding=\"async\" src=\"https:\/\/biblio.brossard.ca\/fablab\/wp-content\/uploads\/equipement\/machines\/brodeuse\/brodeuse-260.jpg\"><\/p>\n<table style=\"width: 100%;\">\n<tbody>\n<tr>\n<td style=\"width: 33%\"><img decoding=\"async\" class=\"aligncenter\" src=\"https:\/\/biblio.brossard.ca\/fablab\/wp-content\/uploads\/equipement\/machines\/brodeuse\/fleur_rose.jpg\"><\/td>\n<td style=\"width: 33%\"><img decoding=\"async\" class=\"aligncenter\" src=\"https:\/\/biblio.brossard.ca\/fablab\/wp-content\/uploads\/equipement\/machines\/brodeuse\/oiseau_noir.jpg\"><\/td>\n<td style=\"width: 33%\"><img decoding=\"async\" class=\"aligncenter\" src=\"https:\/\/biblio.brossard.ca\/fablab\/wp-content\/uploads\/equipement\/machines\/brodeuse\/plume_bleue.jpg\"><\/td>\n<\/tr>\n<\/tbody>\n<\/table>\n<p style=\"margin-top: 16px;\"><strong>Co\u00fbts<\/strong><\/p>\n<p>Machine \u00e0 coudre<br \/>\nGratuit<\/p>\n<p>Broderie &#8211; petite taille (cadre 1)<br \/>\nPrix membre : 1,00 $ \/ broderie<br \/>\nPrix non membre : 3,00$ \/ broderie<\/p>\n<p>Broderie &#8211; moyenne taille (cadre 2)<br \/>\nPrix membre : 1,50$ \/ broderie<br \/>\nPrix non membre : 4,50$ \/ broderie<\/p>\n<p>Broderie &#8211; grande taille (cadre 3)<br \/>\nPrix membre : 2,00$ \/ broderie<br \/>\nPrix non membre : 6,00 $ \/ broderie<\/p>\n<p>Entoilage (stabilisateur)<br \/>\nPrix membre : 0,05$ \/ cm<br \/>\nPrix non membre : 0,15 $ \/ cm<\/p>\n<\/div>\n<div class=\"data-fiche-machine\">\n<p><strong>Brother Innov-is XV8500D<\/strong><\/p>\n<p>Cette brodeuse offre toutes les fonctionnalit\u00e9s d\u2019une machine \u00e0 coudre traditionnelle et bien plus. Dot\u00e9e d\u2019un \u00e9cran ACL haute d\u00e9finition, d\u2019un cadre de num\u00e9risation, de 939 motifs de broderie int\u00e9gr\u00e9s et de 726 points de couture, la Brother Innov-is XV8500D permet de cr\u00e9er un nombre infini de broderies.<\/p>\n<p><strong><a href=\"https:\/\/docs.google.com\/forms\/d\/e\/1FAIpQLSeyskPIHcVEkUoTzvvl3PmfexRhfIHGAt4zHpSKDgf3I_6rog\/viewform?embedded=true\" target=\"_blank\" rel=\"noopener\">R\u00e9server cet \u00e9quipement<\/a><\/strong><\/p>\n<p><strong>Ce que l&rsquo;on peut faire<\/strong><\/p>\n<p>Cr\u00e9ation ou r\u00e9paration de v\u00eatements, broderies personnalis\u00e9es<\/p>\n<p><strong>Logiciels de cr\u00e9ation<\/strong><\/p>\n<p>Hatch<\/p>\n<table>\n<tr>\n<th colspan=\"5\">Type(s) de fichier accept\u00e9(s)<\/th>\n<\/tr>\n<\/tr>\n<td>PES<\/td>\n<td>PHA<\/td>\n<td>PHB<\/td>\n<td>PHC<\/td>\n<td>DST<\/td>\n<\/tr>\n<\/table>\n<p style=\"margin-top: 16px;\">Environnement compatible : PC.<\/p>\n<\/div>\n<\/div>\n<p><strong>Guide et tutoriel<\/strong><br \/>\n<a href=\"https:\/\/biblio.brossard.ca\/fablab\/wp-content\/uploads\/equipement\/machines\/brodeuse\/guide_express_brodeuse.pdf\" target=\"_blank\" rel=\"noopener\"><img decoding=\"async\" src=\"https:\/\/biblio.brossard.ca\/fablab\/wp-content\/uploads\/equipement\/machines\/brodeuse\/guide_express_brodeuse.jpg\"><\/a><br \/>\n<a href=\"https:\/\/biblio.brossard.ca\/fablab\/wp-content\/uploads\/equipement\/machines\/brodeuse\/brother_operation_manual_embroidery_sewing_machine.pdf\" target=\"_blank\" rel=\"noopener\"><img decoding=\"async\" src=\"https:\/\/biblio.brossard.ca\/fablab\/wp-content\/uploads\/equipement\/icone_html.png\"><\/a> <a href=\"https:\/\/biblio.brossard.ca\/fablab\/wp-content\/uploads\/equipement\/machines\/brodeuse\/brother_operation_manual_embroidery_sewing_machine.pdf\" target=\"_blank\" rel=\"noopener\">Brother : operation manual &#8211; embroidery and sewing machine<\/a><\/p>\n","protected":false},"excerpt":{"rendered":"<p>Co\u00fbts Machine \u00e0 coudre Gratuit Broderie &#8211; petite taille (cadre 1) Prix membre : 1,00 $ \/ broderie Prix non membre : 3,00$ \/ broderie Broderie &#8211; moyenne taille (cadre 2) Prix membre : 1,50$ \/ broderie Prix non membre : 4,50$ \/ broderie Broderie &#8211; grande taille (cadre 3) Prix membre : 2,00$ \/&hellip;<\/p>\n","protected":false},"author":1,"featured_media":0,"parent":0,"menu_order":0,"comment_status":"closed","ping_status":"closed","template":"","meta":{"_monsterinsights_skip_tracking":false,"_monsterinsights_sitenote_active":false,"_monsterinsights_sitenote_note":"","_monsterinsights_sitenote_category":0,"footnotes":""},"class_list":["post-361","page","type-page","status-publish","hentry","no-thumb"],"jetpack_sharing_enabled":true,"publishpress_future_action":{"enabled":false,"date":"2026-05-14 04:41:29","action":"change-status","newStatus":"draft","terms":[],"taxonomy":"","extraData":[]},"publishpress_future_workflow_manual_trigger":{"enabledWorkflows":[]},"_links":{"self":[{"href":"https:\/\/biblio.brossard.ca\/fablab\/wp-json\/wp\/v2\/pages\/361","targetHints":{"allow":["GET"]}}],"collection":[{"href":"https:\/\/biblio.brossard.ca\/fablab\/wp-json\/wp\/v2\/pages"}],"about":[{"href":"https:\/\/biblio.brossard.ca\/fablab\/wp-json\/wp\/v2\/types\/page"}],"author":[{"embeddable":true,"href":"https:\/\/biblio.brossard.ca\/fablab\/wp-json\/wp\/v2\/users\/1"}],"replies":[{"embeddable":true,"href":"https:\/\/biblio.brossard.ca\/fablab\/wp-json\/wp\/v2\/comments?post=361"}],"version-history":[{"count":83,"href":"https:\/\/biblio.brossard.ca\/fablab\/wp-json\/wp\/v2\/pages\/361\/revisions"}],"predecessor-version":[{"id":3984,"href":"https:\/\/biblio.brossard.ca\/fablab\/wp-json\/wp\/v2\/pages\/361\/revisions\/3984"}],"wp:attachment":[{"href":"https:\/\/biblio.brossard.ca\/fablab\/wp-json\/wp\/v2\/media?parent=361"}],"curies":[{"name":"wp","href":"https:\/\/api.w.org\/{rel}","templated":true}]}}