{"id":3425,"date":"2021-09-20T10:53:41","date_gmt":"2021-09-20T14:53:41","guid":{"rendered":"https:\/\/biblio.brossard.ca\/fablab\/?page_id=3425"},"modified":"2024-01-08T14:44:07","modified_gmt":"2024-01-08T19:44:07","slug":"decoupe-laser-2","status":"publish","type":"page","link":"https:\/\/biblio.brossard.ca\/fablab\/decoupe-laser-2\/","title":{"rendered":"D\u00e9coupe laser"},"content":{"rendered":"<div class=\"box-flex\">\n<div class=\"data-fiche-machine\">\n<p><img decoding=\"async\" src=\"https:\/\/biblio.brossard.ca\/fablab\/wp-content\/uploads\/equipement\/machines\/decoupe_laser_2\/decoupe_laser_2-260.jpg\"><\/p>\n<table style=\"width: 100%;\">\n<tbody>\n<tr>\n<td style=\"width: 33%\"><\/td>\n<td style=\"width: 33%\"><\/td>\n<td style=\"width: 33%\"><\/td>\n<\/tr>\n<\/tbody>\n<\/table>\n<p style=\"margin-top: 16px;\"><strong>Co\u00fbts<\/strong><\/p>\n<p>Utilisation\/temps<br \/>\nPrix membre : 1,00 $ \/ minute<br \/>\nPrix non membre : 3,00 $ \/ minute<\/p>\n<p style=\"margin-top: 16px;\"><strong>Produits offerts<\/strong><\/p>\n<p>Merisier russe (15 po X 30 po)<br \/>\nPrix membre : 5,00 $<br \/>\nPrix non membre : 15,00 $<\/p>\n<p>Acrylique 1\/16 po et 1\/8 po<br \/>\nPrix membre : 20 $ \/ unit\u00e9<br \/>\nPrix non membre : 60 $ \/ unit\u00e9<\/p>\n<\/div>\n<div class=\"data-fiche-machine\">\n<p style=\"color: #FF0000;\">Non accessible pour le moment<\/p>\n<p><strong>Glowforge Pro<\/strong><\/p>\n<p>La Glowforge Pro utilisent un laser d&rsquo;une grande pr\u00e9cision qui permet la d\u00e9coupe et la gravure sur diff\u00e9rents objets et mat\u00e9riaux. Les principaux mat\u00e9riaux utilis\u00e9s sont le bois et l&rsquo;acrylique. Elle est souvent utilis\u00e9e pour la gravure d&rsquo;\u00e9l\u00e9ments 2D sur diff\u00e9rents objets tels qu&rsquo;une illustration grav\u00e9e sur une planche \u00e0 d\u00e9couper, une photo grav\u00e9e sur un acrylique ou encore un logo sur un porte-clefs en bois. Le d\u00e9tail d&rsquo;une gravure est d\u00e9termin\u00e9 par la vitesse et la puissance du laser. <\/p>\n<p>Mat\u00e9riaux accept\u00e9s :<\/p>\n<ul>\n<li>Acrylique (gravure et coupe)<\/li>\n<li>Bois (gravure et coupe)<\/li>\n<li>Cuir (gravure et coupe)<\/li>\n<li>Papier (gravure et coupe)<\/li>\n<li>Pierre (gravure uniquement)<\/li>\n<li>Plastique (gravure et coupe)<\/li>\n<li>Textile (gravure et coupe)<\/li>\n<li>Verre (gravure uniquement)<\/li>\n<\/ul>\n<p>L&rsquo;utilisation d&rsquo;un mat\u00e9riel inconnu est strictement interdite.<\/p>\n<p><!-- <strong><a href=\"https:\/\/docs.google.com\/forms\/d\/e\/1FAIpQLSeyskPIHcVEkUoTzvvl3PmfexRhfIHGAt4zHpSKDgf3I_6rog\/viewform?embedded=true\" target=\"_blank\" rel=\"noopener\">R\u00e9server cet \u00e9quipement<\/a><\/strong> --><\/p>\n<p><strong>Ce que l&rsquo;on peut faire<\/strong><\/p>\n<p>Prototypage, bo\u00eetes, articles personnalis\u00e9s (porte-cl\u00e9s, planches \u00e0 d\u00e9couper, verres, etc.), bijoux, lanterne, articles de d\u00e9corations, etc.<\/p>\n<p><strong>Logiciels de cr\u00e9ation<\/strong><\/p>\n<p>Illustrator (vecteurs)<br \/>\nInkscape (vecteurs)<\/p>\n<table>\n<tr>\n<th colspan=\"5\">Type(s) de fichier accept\u00e9(s)<\/th>\n<\/tr>\n<\/tr>\n<td>PDF<\/td>\n<td>JPG<\/td>\n<td>SVG<\/td>\n<td>AI<\/td>\n<td><\/td>\n<\/tr>\n<\/table>\n<p style=\"margin-top: 16px;\">Environnement compatible : PC, MAC.<\/p>\n<\/div>\n<\/div>\n","protected":false},"excerpt":{"rendered":"<p>Co\u00fbts Utilisation\/temps Prix membre : 1,00 $ \/ minute Prix non membre : 3,00 $ \/ minute Produits offerts Merisier russe (15 po X 30 po) Prix membre : 5,00 $ Prix non membre : 15,00 $ Acrylique 1\/16 po et 1\/8 po Prix membre : 20 $ \/ unit\u00e9 Prix non membre : 60&hellip;<\/p>\n","protected":false},"author":1,"featured_media":0,"parent":0,"menu_order":0,"comment_status":"closed","ping_status":"closed","template":"","meta":{"_monsterinsights_skip_tracking":false,"_monsterinsights_sitenote_active":false,"_monsterinsights_sitenote_note":"","_monsterinsights_sitenote_category":0,"footnotes":""},"class_list":["post-3425","page","type-page","status-publish","hentry","no-thumb"],"jetpack_sharing_enabled":true,"publishpress_future_action":{"enabled":false,"date":"2026-05-22 11:06:39","action":"change-status","newStatus":"draft","terms":[],"taxonomy":"","extraData":[]},"publishpress_future_workflow_manual_trigger":{"enabledWorkflows":[]},"_links":{"self":[{"href":"https:\/\/biblio.brossard.ca\/fablab\/wp-json\/wp\/v2\/pages\/3425","targetHints":{"allow":["GET"]}}],"collection":[{"href":"https:\/\/biblio.brossard.ca\/fablab\/wp-json\/wp\/v2\/pages"}],"about":[{"href":"https:\/\/biblio.brossard.ca\/fablab\/wp-json\/wp\/v2\/types\/page"}],"author":[{"embeddable":true,"href":"https:\/\/biblio.brossard.ca\/fablab\/wp-json\/wp\/v2\/users\/1"}],"replies":[{"embeddable":true,"href":"https:\/\/biblio.brossard.ca\/fablab\/wp-json\/wp\/v2\/comments?post=3425"}],"version-history":[{"count":16,"href":"https:\/\/biblio.brossard.ca\/fablab\/wp-json\/wp\/v2\/pages\/3425\/revisions"}],"predecessor-version":[{"id":3987,"href":"https:\/\/biblio.brossard.ca\/fablab\/wp-json\/wp\/v2\/pages\/3425\/revisions\/3987"}],"wp:attachment":[{"href":"https:\/\/biblio.brossard.ca\/fablab\/wp-json\/wp\/v2\/media?parent=3425"}],"curies":[{"name":"wp","href":"https:\/\/api.w.org\/{rel}","templated":true}]}}