{"id":3419,"date":"2021-09-20T10:29:04","date_gmt":"2021-09-20T14:29:04","guid":{"rendered":"https:\/\/biblio.brossard.ca\/fablab\/?page_id=3419"},"modified":"2024-01-08T14:43:58","modified_gmt":"2024-01-08T19:43:58","slug":"imprimante-a-sublimation","status":"publish","type":"page","link":"https:\/\/biblio.brossard.ca\/fablab\/imprimante-a-sublimation\/","title":{"rendered":"Imprimante \u00e0 sublimation"},"content":{"rendered":"<div class=\"box-flex\">\n<div class=\"data-fiche-machine\">\n<p><img decoding=\"async\" src=\"https:\/\/biblio.brossard.ca\/fablab\/wp-content\/uploads\/equipement\/machines\/imprimante_sublimation\/imprimante_sublimation-260.jpg\"><\/p>\n<table style=\"width: 100%;\">\n<tbody>\n<tr>\n<td style=\"width: 33%\"><\/td>\n<td style=\"width: 33%\"><\/td>\n<td style=\"width: 33%\"><\/td>\n<\/tr>\n<\/tbody>\n<\/table>\n<p style=\"margin-top: 16px;\"><strong>Co\u00fbts<\/strong><\/p>\n<p>Prix membre : 0,15 $ \/ cm<br \/>\nPrix non membre : 0,45 $ \/ cm<\/p>\n<p><strong>Produits offerts<\/strong><\/p>\n<p>Tasse<br \/>\nPrix membre : 5,00 $<br \/>\nPrix non membre : 15,00 $<\/p>\n<p>T-shirt d&rsquo;aspect sport (100% polyester) blanc<br \/>\nPrix membre : 10,00 $<br \/>\nPrix non membre : 30,00 $<\/p>\n<p>T-shirt (50% coton, 50% polyester) blanc<br \/>\nPrix membre : 5,00 $<br \/>\nPrix non membre : 15,00 $<\/p>\n<\/div>\n<div class=\"data-fiche-machine\">\n<p><strong>Epson SureColor F570<\/strong><\/p>\n<p>L&rsquo;imprimante Epson sureColor F570 est une imprimante de qualit\u00e9 professionnelle permettant l&rsquo;impression de projet allant jusqu&rsquo;\u00e0 24 po de largeur. Ses impressions sont transf\u00e9rables par sublimation thermique \u00e0 l&rsquo;aide d&rsquo;une presse \u00e0 chaleur. L&rsquo;imprimante Epson SureColor F570 est id\u00e9ale pour la personnalisation d&rsquo;objets sublimables tels que des tasses, des bouteilles, des v\u00eatements, des plaques, des tapis de souris, etc.<\/p>\n<p>Pour les v\u00eatements, il est fortement sugg\u00e9r\u00e9 d&rsquo;utiliser un tissus majoritairement compos\u00e9 de polyester. Aussi, ce ne sont pas tous les objets qui sont sublimables. Le r\u00e9sultat attendu peut varier selon la surface utilis\u00e9e.<\/p>\n<p><strong><a href=\"https:\/\/docs.google.com\/forms\/d\/e\/1FAIpQLSeyskPIHcVEkUoTzvvl3PmfexRhfIHGAt4zHpSKDgf3I_6rog\/viewform?embedded=true\" target=\"_blank\" rel=\"noopener\">R\u00e9server cet \u00e9quipement<\/a><\/strong><\/p>\n<p><strong>Ce que l&rsquo;on peut faire<\/strong><\/p>\n<p>Articles sublimables personnalis\u00e9s&nbsp;: v\u00eatements, tasses, bouteilles d&rsquo;eau, tapis de souris, porte-cl\u00e9s, sous-verres, etc. <\/p>\n<p><strong>Logiciels de cr\u00e9ation<\/strong><\/p>\n<p>Inkscape (vecteurs)<br \/>\nIllustrator (vecteurs)<br \/>\nPhotoshop (pixels)<br \/>\nKrita (pixels)<br \/>\nCanva (pixels)<br \/>\nGIMP (pixels)<\/p>\n<table>\n<tr>\n<th colspan=\"5\">Type(s) de fichier accept\u00e9(s)<\/th>\n<\/tr>\n<\/tr>\n<td>PDF<\/td>\n<td>JPG<\/td>\n<td>PNG<\/td>\n<td>TIFF<\/td>\n<td>EPS<\/td>\n<\/tr>\n<\/table>\n<p style=\"margin-top: 16px;\">Environnement compatible : PC, MAC.<\/p>\n<\/div>\n<\/div>\n","protected":false},"excerpt":{"rendered":"<p>Co\u00fbts Prix membre : 0,15 $ \/ cm Prix non membre : 0,45 $ \/ cm Produits offerts Tasse Prix membre : 5,00 $ Prix non membre : 15,00 $ T-shirt d&rsquo;aspect sport (100% polyester) blanc Prix membre : 10,00 $ Prix non membre : 30,00 $ T-shirt (50% coton, 50% polyester) blanc Prix membre&hellip;<\/p>\n","protected":false},"author":1,"featured_media":0,"parent":0,"menu_order":0,"comment_status":"closed","ping_status":"closed","template":"","meta":{"_monsterinsights_skip_tracking":false,"_monsterinsights_sitenote_active":false,"_monsterinsights_sitenote_note":"","_monsterinsights_sitenote_category":0,"footnotes":""},"class_list":["post-3419","page","type-page","status-publish","hentry","no-thumb"],"jetpack_sharing_enabled":true,"publishpress_future_action":{"enabled":false,"date":"2026-04-14 02:00:06","action":"change-status","newStatus":"draft","terms":[],"taxonomy":"","extraData":[]},"publishpress_future_workflow_manual_trigger":{"enabledWorkflows":[]},"_links":{"self":[{"href":"https:\/\/biblio.brossard.ca\/fablab\/wp-json\/wp\/v2\/pages\/3419","targetHints":{"allow":["GET"]}}],"collection":[{"href":"https:\/\/biblio.brossard.ca\/fablab\/wp-json\/wp\/v2\/pages"}],"about":[{"href":"https:\/\/biblio.brossard.ca\/fablab\/wp-json\/wp\/v2\/types\/page"}],"author":[{"embeddable":true,"href":"https:\/\/biblio.brossard.ca\/fablab\/wp-json\/wp\/v2\/users\/1"}],"replies":[{"embeddable":true,"href":"https:\/\/biblio.brossard.ca\/fablab\/wp-json\/wp\/v2\/comments?post=3419"}],"version-history":[{"count":30,"href":"https:\/\/biblio.brossard.ca\/fablab\/wp-json\/wp\/v2\/pages\/3419\/revisions"}],"predecessor-version":[{"id":3986,"href":"https:\/\/biblio.brossard.ca\/fablab\/wp-json\/wp\/v2\/pages\/3419\/revisions\/3986"}],"wp:attachment":[{"href":"https:\/\/biblio.brossard.ca\/fablab\/wp-json\/wp\/v2\/media?parent=3419"}],"curies":[{"name":"wp","href":"https:\/\/api.w.org\/{rel}","templated":true}]}}