{"id":93027,"date":"2018-12-13T16:09:44","date_gmt":"2018-12-13T21:09:44","guid":{"rendered":"https:\/\/biblio.brossard.ca\/brossardana\/?page_id=93027"},"modified":"2024-10-16T16:30:11","modified_gmt":"2024-10-16T20:30:11","slug":"liens-partenaires","status":"publish","type":"page","link":"https:\/\/biblio.brossard.ca\/brossardana\/liens-partenaires\/","title":{"rendered":"Liens"},"content":{"rendered":"<ul>\n<li><a href=\"https:\/\/archivesdemontreal.com\" target=\"_blank\" rel=\"noopener\">Archives Montr\u00e9al<\/a>\n<ul style=\"margin-bottom: 1.625em;\">\n<li>Site des archives de la ville de Montr\u00e9al<\/li>\n<\/ul>\n<\/li>\n<li><a href=\"https:\/\/lha.hpl.ca\" target=\"_blank\" rel=\"noopener\">Hamilton Public Library &#8211; Local history and archives<\/a>\n<ul style=\"margin-bottom: 1.625em;\">\n<li>Histoire locale et archives de la ville d&rsquo;Hamilton<\/li>\n<\/ul>\n<\/li>\n<li><a href=\"https:\/\/www.canadiana.ca\" target=\"_blank\" rel=\"noopener\">Canadiana<\/a>\n<ul style=\"margin-bottom: 1.625em;\">\n<li>Site des archives num\u00e9riques du Canada<\/li>\n<\/ul>\n<\/li>\n<li><a href=\"https:\/\/www.banq.qc.ca\/plateformes-numeriques\/images\" target=\"_blank\" rel=\"noopener\">Collection d&rsquo;images de BAnQ<\/a>\n<ul style=\"margin-bottom: 1.625em;\">\n<li>S\u00e9lection de documents iconographiques num\u00e9ris\u00e9s de BAnQ<\/li>\n<\/ul>\n<\/li>\n<li><a href=\"https:\/\/www.ville.quebec.qc.ca\/citoyens\/patrimoine\/archives\" target=\"_blank\" rel=\"noopener\">Archives de la Ville de Qu\u00e9bec<\/a>\n<ul style=\"margin-bottom: 1.625em;\">\n<li>Archives en ligne de la Ville de Qu\u00e9bec<\/li>\n<\/ul>\n<\/li>\n<li><a href=\"https:\/\/www.flickr.com\/photos\/archivesmontreal\" target=\"_blank\" rel=\"noopener\">Flickr Archives Montr\u00e9al<\/a>\n<ul style=\"margin-bottom: 1.625em;\">\n<li>Flickr des archives de la Ville de Montr\u00e9al<\/li>\n<\/ul>\n<\/li>\n<li><a href=\"https:\/\/www.flickr.com\/photos\/museemccordmuseum\" target=\"_blank\" rel=\"noopener\">Flickr Mus\u00e9e McCord<\/a>\n<ul style=\"margin-bottom: 1.625em;\">\n<li>Flickr du Mus\u00e9e McCord Stewart Museum<\/li>\n<\/ul>\n<\/li>\n<li><a href=\"https:\/\/www.flickr.com\/photos\/statelibraryqueensland\" target=\"_blank\" rel=\"noopener\">Flickr State Library of Quennsland<\/a>\n<ul style=\"margin-bottom: 1.625em;\">\n<li>Flickr de la State Library of Quennsland en Australie<\/li>\n<\/ul>\n<\/li>\n<li><a href=\"https:\/\/www.historypin.org\/fr\/person\/64780#!photos%2Flist%2F\" target=\"_blank\" rel=\"noopener\">Historypin<\/a>\n<ul style=\"margin-bottom: 1.625em;\">\n<li>Brossardana \u2013 Biblioth\u00e8que de Brossard sur Historypin<\/li>\n<\/ul>\n<\/li>\n<li><a href=\"https:\/\/www.patrimoine-culturel.gouv.qc.ca\" target=\"_blank\" rel=\"noopener\">R\u00e9pertoire du patrimoine culturel du Qu\u00e9bec<\/a>\n<ul style=\"margin-bottom: 1.625em;\">\n<li>Outil de diffusion des connaissances du patrimoine du Qu\u00e9bec<\/li>\n<\/ul>\n<\/li>\n<li><a href=\"https:\/\/www.singaporememories.gov.sg\" target=\"_blank\" rel=\"noopener\">Singapore Memories<\/a>\n<ul style=\"margin-bottom: 1.625em;\">\n<li>Site des archives de Singapore<\/li>\n<\/ul>\n<\/li>\n<\/ul>\n","protected":false},"excerpt":{"rendered":"<p>Archives Montr\u00e9al Site des archives de la ville de Montr\u00e9al Hamilton Public Library &#8211; Local history and archives Histoire locale et archives de la ville d&rsquo;Hamilton Canadiana Site des archives num\u00e9riques du Canada Collection d&rsquo;images de BAnQ S\u00e9lection de documents &hellip; <a href=\"https:\/\/biblio.brossard.ca\/brossardana\/liens-partenaires\/\">Continuer la lecture <span class=\"meta-nav\">&rarr;<\/span><\/a><\/p>\n","protected":false},"author":1,"featured_media":0,"parent":0,"menu_order":0,"comment_status":"closed","ping_status":"closed","template":"","meta":{"_monsterinsights_skip_tracking":false,"_monsterinsights_sitenote_active":false,"_monsterinsights_sitenote_note":"","_monsterinsights_sitenote_category":0,"jetpack_post_was_ever_published":false,"footnotes":""},"class_list":["post-93027","page","type-page","status-publish","hentry"],"jetpack_sharing_enabled":false,"jetpack-related-posts":[{"id":153,"url":"https:\/\/biblio.brossard.ca\/brossardana\/a-propos\/projet-brossardana-en-images\/","url_meta":{"origin":93027,"position":0},"title":"Projet Brossardana en images","author":"Biblioth\u00e8que de Brossard","date":"16 juillet 2013","format":false,"excerpt":"Les origines du projet \u00ab\u00a0Brossardana en images\u00a0\u00bb prennent forme au d\u00e9but des ann\u00e9es 1980. \u00c0 cette \u00e9poque, M.\u00a0Yvon-Andr\u00e9 Lacroix, alors directeur de la Biblioth\u00e8que municipale de Brossard, et Mme\u00a0Claire S\u00e9guin, biblioth\u00e9caire, initient le projet de r\u00e9daction d\u2019un livre portant sur l\u2019histoire de la municipalit\u00e9 de Brossard. Afin de constituer le\u2026","rel":"","context":"Article similaire","block_context":{"text":"Article similaire","link":""},"img":{"alt_text":"ancienne biblioth\u00e8que","src":"https:\/\/i0.wp.com\/biblio.brossard.ca\/brossardana\/wp-content\/uploads\/accueil\/collection_brossardana\/projet_brossardana_images\/projet_brossardana_images_01.jpg?resize=350%2C200&ssl=1","width":350,"height":200},"classes":[]},{"id":7,"url":"https:\/\/biblio.brossard.ca\/brossardana\/a-propos\/","url_meta":{"origin":93027,"position":1},"title":"Collection Brossardana","author":"Biblioth\u00e8que de Brossard","date":"10 juillet 2013","format":false,"excerpt":"La Biblioth\u00e8que de Brossard Georgette-Lepage assure le d\u00e9veloppement, la conservation et la mise en valeur du patrimoine documentaire brossardois via la collection Brossardana. Celle-ci est constitu\u00e9e de plusieurs types de documents qui t\u00e9moignent de l\u2019\u00e9volution historique, sociale, \u00e9conomique, politique et culturelle de la ville de Brossard. La collection Brossardana est\u2026","rel":"","context":"Article similaire","block_context":{"text":"Article similaire","link":""},"img":{"alt_text":"","src":"","width":0,"height":0},"classes":[]},{"id":38,"url":"https:\/\/biblio.brossard.ca\/brossardana\/versement-dimages\/","url_meta":{"origin":93027,"position":2},"title":"Appel au versement d&rsquo;images","author":"Biblioth\u00e8que de Brossard","date":"12 juillet 2013","format":false,"excerpt":"La Biblioth\u00e8que de Brossard Georgette-Lepage recherche vos photos! Afin de poursuivre l\u2019enrichissement de la collection Brossardana, la biblioth\u00e8que est toujours \u00e0 la recherche de photographies, de n\u00e9gatifs et de diapositives qui puissent t\u00e9moigner de la vie des citoyens de la Ville de Brossard, ou de leur rayonnement \u00e0 l\u2019\u00e9tranger. Les\u2026","rel":"","context":"Article similaire","block_context":{"text":"Article similaire","link":""},"img":{"alt_text":"logo Brossard","src":"https:\/\/i0.wp.com\/biblio.brossard.ca\/brossardana\/wp-content\/uploads\/accueil\/logo_brossard.jpg?resize=350%2C200&ssl=1","width":350,"height":200},"classes":[]},{"id":418,"url":"https:\/\/biblio.brossard.ca\/brossardana\/a-propos\/utilisation-des-images\/","url_meta":{"origin":93027,"position":3},"title":"Utilisation des images","author":"Biblioth\u00e8que de Brossard","date":"29 juillet 2013","format":false,"excerpt":"Utilisation des images tir\u00e9es de la collection Brossardana Les images contenues dans la collection Brossardana sont prot\u00e9g\u00e9es par la Loi sur le droit d\u2019auteur. Elles peuvent \u00eatre utilis\u00e9es \u00e0 des fins \u00e9ducative, d'\u00e9tude priv\u00e9e ou de recherche, \u00e0 la condition que la source des images soit indiqu\u00e9e. Pour r\u00e9f\u00e9rer \u00e0\u2026","rel":"","context":"Article similaire","block_context":{"text":"Article similaire","link":""},"img":{"alt_text":"logo Brossard","src":"https:\/\/i0.wp.com\/biblio.brossard.ca\/brossardana\/wp-content\/uploads\/accueil\/logo_brossard.jpg?resize=350%2C200&ssl=1","width":350,"height":200},"classes":[]},{"id":92819,"url":"https:\/\/biblio.brossard.ca\/brossardana\/qui-est-ce\/qui-est-ce-9-de-10\/","url_meta":{"origin":93027,"position":4},"title":"Qui est-ce? (9 de 10)","author":"Biblioth\u00e8que de Brossard","date":"7 mars 2018","format":false,"excerpt":"Sur cette photographie on y voir des employ\u00e9s en sant\u00e9\/s\u00e9curit\u00e9. Reconnaissez-vous les visages sous les num\u00e9ro 1 \u00e0 3? Nous tenons \u00e0 remercier tous ceux qui nous ont aid\u00e9s \u00e0 identifier les gens apparaissant sur les photographies (pour consulter les r\u00e9sultats, cliquez ici).","rel":"","context":"Avec 1 commentaire","block_context":{"text":"Avec 1 commentaire","link":"https:\/\/biblio.brossard.ca\/brossardana\/qui-est-ce\/qui-est-ce-9-de-10\/#comments"},"img":{"alt_text":"","src":"","width":0,"height":0},"classes":[]},{"id":92817,"url":"https:\/\/biblio.brossard.ca\/brossardana\/qui-est-ce\/qui-est-ce-8-de-10\/","url_meta":{"origin":93027,"position":5},"title":"Qui est-ce? (8 de 10)","author":"Biblioth\u00e8que de Brossard","date":"7 mars 2018","format":false,"excerpt":"Cette photographie aurait \u00e9t\u00e9 prise lors de l\u2019inauguration du centre communautaire Nathalie-Croteau au d\u00e9but des ann\u00e9es 1990. Reconnaissez-vous les visages sous les num\u00e9ro 1 et 2? Nous tenons \u00e0 remercier tous ceux qui nous ont aid\u00e9s \u00e0 identifier les gens apparaissant sur les photographies (pour consulter les r\u00e9sultats, cliquez ici).","rel":"","context":"Avec 1 commentaire","block_context":{"text":"Avec 1 commentaire","link":"https:\/\/biblio.brossard.ca\/brossardana\/qui-est-ce\/qui-est-ce-8-de-10\/#comments"},"img":{"alt_text":"","src":"","width":0,"height":0},"classes":[]}],"_links":{"self":[{"href":"https:\/\/biblio.brossard.ca\/brossardana\/wp-json\/wp\/v2\/pages\/93027","targetHints":{"allow":["GET"]}}],"collection":[{"href":"https:\/\/biblio.brossard.ca\/brossardana\/wp-json\/wp\/v2\/pages"}],"about":[{"href":"https:\/\/biblio.brossard.ca\/brossardana\/wp-json\/wp\/v2\/types\/page"}],"author":[{"embeddable":true,"href":"https:\/\/biblio.brossard.ca\/brossardana\/wp-json\/wp\/v2\/users\/1"}],"replies":[{"embeddable":true,"href":"https:\/\/biblio.brossard.ca\/brossardana\/wp-json\/wp\/v2\/comments?post=93027"}],"version-history":[{"count":39,"href":"https:\/\/biblio.brossard.ca\/brossardana\/wp-json\/wp\/v2\/pages\/93027\/revisions"}],"predecessor-version":[{"id":93840,"href":"https:\/\/biblio.brossard.ca\/brossardana\/wp-json\/wp\/v2\/pages\/93027\/revisions\/93840"}],"wp:attachment":[{"href":"https:\/\/biblio.brossard.ca\/brossardana\/wp-json\/wp\/v2\/media?parent=93027"}],"curies":[{"name":"wp","href":"https:\/\/api.w.org\/{rel}","templated":true}]}}