{"id":92810,"date":"2018-03-07T15:44:58","date_gmt":"2018-03-07T20:44:58","guid":{"rendered":"https:\/\/biblio.brossard.ca\/brossardana\/?page_id=92810"},"modified":"2019-04-14T22:24:38","modified_gmt":"2019-04-15T02:24:38","slug":"qui-est-ce-5-de-10","status":"publish","type":"page","link":"https:\/\/biblio.brossard.ca\/brossardana\/qui-est-ce\/qui-est-ce-5-de-10\/","title":{"rendered":"Qui est-ce? (5 de 10)"},"content":{"rendered":"<p style=\"text-align:justify;\">Il s&rsquo;agirait de deux policiers.<\/p>\n<p style=\"text-align:justify;\">Reconnaissez-vous les visages sous les num\u00e9ro 1 et 2?<\/p>\n<p><img decoding=\"async\" class=\"size-full aligncenter\" src=\"https:\/\/biblio.brossard.ca\/brossardana\/wp-content\/uploads\/accueil\/qui_est-ce\/12.913.1V.jpg\" alt=\"Policiers\" \/><\/p>\n<hr \/>\n<p style=\"text-align:justify;\">Nous tenons \u00e0 remercier tous ceux qui nous ont aid\u00e9s \u00e0 identifier les gens apparaissant sur les photographies (pour consulter les r\u00e9sultats, cliquez <a href=\"https:\/\/biblio.brossard.ca\/brossardana\/qui-est-ce\/resultats-qui-est-ce\/\">ici<\/a>).<\/p>\n","protected":false},"excerpt":{"rendered":"<p>Il s&rsquo;agirait de deux policiers. Reconnaissez-vous les visages sous les num\u00e9ro 1 et 2? Nous tenons \u00e0 remercier tous ceux qui nous ont aid\u00e9s \u00e0 identifier les gens apparaissant sur les photographies (pour consulter les r\u00e9sultats, cliquez ici).<\/p>\n","protected":false},"author":1,"featured_media":0,"parent":92827,"menu_order":0,"comment_status":"open","ping_status":"closed","template":"","meta":{"_monsterinsights_skip_tracking":false,"_monsterinsights_sitenote_active":false,"_monsterinsights_sitenote_note":"","_monsterinsights_sitenote_category":0,"jetpack_post_was_ever_published":false,"footnotes":""},"class_list":["post-92810","page","type-page","status-publish","hentry"],"jetpack_sharing_enabled":true,"jetpack-related-posts":[{"id":92802,"url":"https:\/\/biblio.brossard.ca\/brossardana\/qui-est-ce\/qui-est-ce-10-de-10\/","url_meta":{"origin":92810,"position":0},"title":"Qui est-ce? (10 de 10)","author":"Biblioth\u00e8que de Brossard","date":"7 mars 2018","format":false,"excerpt":"Cette photographie fut prise lors d'un conseil municipal. Reconnaissez-vous les visages sous les num\u00e9ro 1 \u00e0 6? Nous tenons \u00e0 remercier tous ceux qui nous ont aid\u00e9s \u00e0 identifier les gens apparaissant sur les photographies (pour consulter les r\u00e9sultats, cliquez ici).","rel":"","context":"Avec 2 commentaires","block_context":{"text":"Avec 2 commentaires","link":"https:\/\/biblio.brossard.ca\/brossardana\/qui-est-ce\/qui-est-ce-10-de-10\/#comments"},"img":{"alt_text":"","src":"","width":0,"height":0},"classes":[]},{"id":92804,"url":"https:\/\/biblio.brossard.ca\/brossardana\/qui-est-ce\/qui-est-ce-2-de-10\/","url_meta":{"origin":92810,"position":1},"title":"Qui est-ce? (2 de 10)","author":"Biblioth\u00e8que de Brossard","date":"7 mars 2018","format":false,"excerpt":"Cette photographie fut prise lors d'une remise de prix. Reconnaissez-vous les visages sous les num\u00e9ro 1 \u00e0 4? Nous tenons \u00e0 remercier tous ceux qui nous ont aid\u00e9s \u00e0 identifier les gens apparaissant sur les photographies (pour consulter les r\u00e9sultats, cliquez ici).","rel":"","context":"Article similaire","block_context":{"text":"Article similaire","link":""},"img":{"alt_text":"","src":"","width":0,"height":0},"classes":[]},{"id":92819,"url":"https:\/\/biblio.brossard.ca\/brossardana\/qui-est-ce\/qui-est-ce-9-de-10\/","url_meta":{"origin":92810,"position":2},"title":"Qui est-ce? (9 de 10)","author":"Biblioth\u00e8que de Brossard","date":"7 mars 2018","format":false,"excerpt":"Sur cette photographie on y voir des employ\u00e9s en sant\u00e9\/s\u00e9curit\u00e9. Reconnaissez-vous les visages sous les num\u00e9ro 1 \u00e0 3? Nous tenons \u00e0 remercier tous ceux qui nous ont aid\u00e9s \u00e0 identifier les gens apparaissant sur les photographies (pour consulter les r\u00e9sultats, cliquez ici).","rel":"","context":"Avec 1 commentaire","block_context":{"text":"Avec 1 commentaire","link":"https:\/\/biblio.brossard.ca\/brossardana\/qui-est-ce\/qui-est-ce-9-de-10\/#comments"},"img":{"alt_text":"","src":"","width":0,"height":0},"classes":[]},{"id":92814,"url":"https:\/\/biblio.brossard.ca\/brossardana\/qui-est-ce\/qui-est-ce-7-de-10\/","url_meta":{"origin":92810,"position":3},"title":"Qui est-ce? (7 de 10)","author":"Biblioth\u00e8que de Brossard","date":"7 mars 2018","format":false,"excerpt":"Gagnante d'un concours \u00e0 la biblioth\u00e8que photographi\u00e9e par Bernard Brault le 11 f\u00e9vrier 1981. Reconnaissez-vous les visages sous les num\u00e9ro 1 \u00e0 3? Nous tenons \u00e0 remercier tous ceux qui nous ont aid\u00e9s \u00e0 identifier les gens apparaissant sur les photographies (pour consulter les r\u00e9sultats, cliquez ici).","rel":"","context":"Avec 2 commentaires","block_context":{"text":"Avec 2 commentaires","link":"https:\/\/biblio.brossard.ca\/brossardana\/qui-est-ce\/qui-est-ce-7-de-10\/#comments"},"img":{"alt_text":"","src":"","width":0,"height":0},"classes":[]},{"id":92821,"url":"https:\/\/biblio.brossard.ca\/brossardana\/qui-est-ce\/qui-est-ce-1-de-10\/","url_meta":{"origin":92810,"position":4},"title":"Qui est-ce? (1 de 10)","author":"Biblioth\u00e8que de Brossard","date":"7 mars 2018","format":false,"excerpt":"Cette photographie fut prise dans le cadre du Concours Maisons fleuries de 1990. Reconnaissez-vous les visages sous les num\u00e9ro 1 \u00e0 4? Nous tenons \u00e0 remercier tous ceux qui nous ont aid\u00e9s \u00e0 identifier les gens apparaissant sur les photographies (pour consulter les r\u00e9sultats, cliquez ici).","rel":"","context":"Avec 1 commentaire","block_context":{"text":"Avec 1 commentaire","link":"https:\/\/biblio.brossard.ca\/brossardana\/qui-est-ce\/qui-est-ce-1-de-10\/#comments"},"img":{"alt_text":"","src":"","width":0,"height":0},"classes":[]},{"id":92808,"url":"https:\/\/biblio.brossard.ca\/brossardana\/qui-est-ce\/qui-est-ce-4-de-10\/","url_meta":{"origin":92810,"position":5},"title":"Qui est-ce? (4 de 10)","author":"Biblioth\u00e8que de Brossard","date":"7 mars 2018","format":false,"excerpt":"Cette photographie aurait \u00e9t\u00e9 prise lors de l'inauguration de l'ar\u00e9na Michel-Normandin. Reconnaissez-vous les visages sous les num\u00e9ro 1 et 2? Nous tenons \u00e0 remercier tous ceux qui nous ont aid\u00e9s \u00e0 identifier les gens apparaissant sur les photographies (pour consulter les r\u00e9sultats, cliquez ici).","rel":"","context":"Avec 2 commentaires","block_context":{"text":"Avec 2 commentaires","link":"https:\/\/biblio.brossard.ca\/brossardana\/qui-est-ce\/qui-est-ce-4-de-10\/#comments"},"img":{"alt_text":"","src":"","width":0,"height":0},"classes":[]}],"_links":{"self":[{"href":"https:\/\/biblio.brossard.ca\/brossardana\/wp-json\/wp\/v2\/pages\/92810","targetHints":{"allow":["GET"]}}],"collection":[{"href":"https:\/\/biblio.brossard.ca\/brossardana\/wp-json\/wp\/v2\/pages"}],"about":[{"href":"https:\/\/biblio.brossard.ca\/brossardana\/wp-json\/wp\/v2\/types\/page"}],"author":[{"embeddable":true,"href":"https:\/\/biblio.brossard.ca\/brossardana\/wp-json\/wp\/v2\/users\/1"}],"replies":[{"embeddable":true,"href":"https:\/\/biblio.brossard.ca\/brossardana\/wp-json\/wp\/v2\/comments?post=92810"}],"version-history":[{"count":1,"href":"https:\/\/biblio.brossard.ca\/brossardana\/wp-json\/wp\/v2\/pages\/92810\/revisions"}],"predecessor-version":[{"id":92811,"href":"https:\/\/biblio.brossard.ca\/brossardana\/wp-json\/wp\/v2\/pages\/92810\/revisions\/92811"}],"up":[{"embeddable":true,"href":"https:\/\/biblio.brossard.ca\/brossardana\/wp-json\/wp\/v2\/pages\/92827"}],"wp:attachment":[{"href":"https:\/\/biblio.brossard.ca\/brossardana\/wp-json\/wp\/v2\/media?parent=92810"}],"curies":[{"name":"wp","href":"https:\/\/api.w.org\/{rel}","templated":true}]}}