{"id":91606,"date":"2014-04-17T12:46:05","date_gmt":"2014-04-17T17:46:05","guid":{"rendered":"http:\/\/brossardana.com\/?page_id=91606"},"modified":"2018-03-08T09:49:57","modified_gmt":"2018-03-08T14:49:57","slug":"resultats-qui-est-ce","status":"publish","type":"page","link":"https:\/\/biblio.brossard.ca\/brossardana\/qui-est-ce\/resultats-qui-est-ce\/","title":{"rendered":"R\u00e9sultats &#8211; Qui est-ce?"},"content":{"rendered":"<h1>Inauguration du prolongement de l\u2019Autoroute 30 (novembre 1993)<\/h1>\n<p><a href=\"https:\/\/biblio.brossard.ca\/brossardana\/wp-content\/uploads\/accueil\/qui_est-ce\/resultats_qui_est-ce\/209.94.1V.jpg\" target=\"_blank\"><img decoding=\"async\" class=\"alignnone\" src=\"https:\/\/biblio.brossard.ca\/brossardana\/wp-content\/uploads\/accueil\/qui_est-ce\/resultats_qui_est-ce\/209.94.1V_300.jpg\" alt=\"Inauguration du prolongement de l\u2019Autoroute 30 (novembre 1993)\" \/><\/a><\/p>\n<p>#1 ?, #2 Serge Marcil, #3 Andr\u00e9 Bourbeau, #4 ?, #5 ?, #6 ? et 7 ?<\/p>\n<hr \/>\n<h1>Soir\u00e9e organis\u00e9e par la communaut\u00e9 Baha\u2019ie de Brossard (18 janvier 1997)<\/h1>\n<p><a href=\"https:\/\/biblio.brossard.ca\/brossardana\/wp-content\/uploads\/accueil\/qui_est-ce\/resultats_qui_est-ce\/129.125.1V.jpg\" target=\"_blank\"><img decoding=\"async\" class=\"alignnone\" src=\"https:\/\/biblio.brossard.ca\/brossardana\/wp-content\/uploads\/accueil\/qui_est-ce\/resultats_qui_est-ce\/129.125.1V_300.jpg\" alt=\"Soir\u00e9e organis\u00e9e par la communaut\u00e9 Baha\u2019ie de Brossard (18 janvier 1997)\" \/><\/a><\/p>\n<p>#1 ?, #2 M. Joseph Vassallo, #3 Mme Breda Nadon, #4 Mme Nicole Carrier, #5 ? et #6 ?<\/p>\n<hr \/>\n<h1>Rencontre avec Maurice Richard (1983)<\/h1>\n<p><a href=\"https:\/\/biblio.brossard.ca\/brossardana\/wp-content\/uploads\/accueil\/qui_est-ce\/resultats_qui_est-ce\/128.443.1V.jpg\" target=\"_blank\"><img decoding=\"async\" class=\"alignnone\" src=\"https:\/\/biblio.brossard.ca\/brossardana\/wp-content\/uploads\/accueil\/qui_est-ce\/resultats_qui_est-ce\/128.443.1V_300.jpg\" alt=\"Rencontre avec Maurice Richard (1983)\" \/><\/a><\/p>\n<p>#1 M. Serge S\u00e9guin, #2 Mme Lise Guay, #3 M. Pierre Deschamps et #4 M. Normand Smith<\/p>\n<hr \/>\n<h1>Inauguration de l\u2019ar\u00e9na Michel Normandin (1971)<\/h1>\n<p><a href=\"https:\/\/biblio.brossard.ca\/brossardana\/wp-content\/uploads\/accueil\/qui_est-ce\/resultats_qui_est-ce\/127.515.1V.jpg\" target=\"_blank\"><img decoding=\"async\" class=\"alignnone\" src=\"https:\/\/biblio.brossard.ca\/brossardana\/wp-content\/uploads\/accueil\/qui_est-ce\/resultats_qui_est-ce\/127.515.1V.jpg\" alt=\"Inauguration de l\u2019ar\u00e9na Michel Normandin (1971)\" \/><\/a><\/p>\n<p>#1 Mme Marie Normandin (fille de M. Michel Normandin), #2 M. L\u00e9on Gravel, maire #3 Mme Paulette Langevin-Normandin (\u00e9pouse de M. Michel Normandin), #4 M. Michel Normandin Jr. (fils de M. Michel Normandin) et #5 M. Jean Normandin (fils de M. Michel Normandin)<\/p>\n","protected":false},"excerpt":{"rendered":"<p>Inauguration du prolongement de l\u2019Autoroute 30 (novembre 1993) #1 ?, #2 Serge Marcil, #3 Andr\u00e9 Bourbeau, #4 ?, #5 ?, #6 ? et 7 ? Soir\u00e9e organis\u00e9e par la communaut\u00e9 Baha\u2019ie de Brossard (18 janvier 1997) #1 ?, #2 M. &hellip; <a href=\"https:\/\/biblio.brossard.ca\/brossardana\/qui-est-ce\/resultats-qui-est-ce\/\">Continuer la lecture <span class=\"meta-nav\">&rarr;<\/span><\/a><\/p>\n","protected":false},"author":1,"featured_media":0,"parent":92827,"menu_order":0,"comment_status":"closed","ping_status":"closed","template":"","meta":{"_monsterinsights_skip_tracking":false,"_monsterinsights_sitenote_active":false,"_monsterinsights_sitenote_note":"","_monsterinsights_sitenote_category":0,"jetpack_post_was_ever_published":false,"footnotes":""},"class_list":["post-91606","page","type-page","status-publish","hentry"],"jetpack_sharing_enabled":true,"jetpack-related-posts":[{"id":153,"url":"https:\/\/biblio.brossard.ca\/brossardana\/a-propos\/projet-brossardana-en-images\/","url_meta":{"origin":91606,"position":0},"title":"Projet Brossardana en images","author":"Biblioth\u00e8que de Brossard","date":"16 juillet 2013","format":false,"excerpt":"Les origines du projet \u00ab\u00a0Brossardana en images\u00a0\u00bb prennent forme au d\u00e9but des ann\u00e9es 1980. \u00c0 cette \u00e9poque, M.\u00a0Yvon-Andr\u00e9 Lacroix, alors directeur de la Biblioth\u00e8que municipale de Brossard, et Mme\u00a0Claire S\u00e9guin, biblioth\u00e9caire, initient le projet de r\u00e9daction d\u2019un livre portant sur l\u2019histoire de la municipalit\u00e9 de Brossard. Afin de constituer le\u2026","rel":"","context":"Article similaire","block_context":{"text":"Article similaire","link":""},"img":{"alt_text":"ancienne biblioth\u00e8que","src":"https:\/\/i0.wp.com\/biblio.brossard.ca\/brossardana\/wp-content\/uploads\/accueil\/collection_brossardana\/projet_brossardana_images\/projet_brossardana_images_01.jpg?resize=350%2C200&ssl=1","width":350,"height":200},"classes":[]}],"_links":{"self":[{"href":"https:\/\/biblio.brossard.ca\/brossardana\/wp-json\/wp\/v2\/pages\/91606","targetHints":{"allow":["GET"]}}],"collection":[{"href":"https:\/\/biblio.brossard.ca\/brossardana\/wp-json\/wp\/v2\/pages"}],"about":[{"href":"https:\/\/biblio.brossard.ca\/brossardana\/wp-json\/wp\/v2\/types\/page"}],"author":[{"embeddable":true,"href":"https:\/\/biblio.brossard.ca\/brossardana\/wp-json\/wp\/v2\/users\/1"}],"replies":[{"embeddable":true,"href":"https:\/\/biblio.brossard.ca\/brossardana\/wp-json\/wp\/v2\/comments?post=91606"}],"version-history":[{"count":18,"href":"https:\/\/biblio.brossard.ca\/brossardana\/wp-json\/wp\/v2\/pages\/91606\/revisions"}],"predecessor-version":[{"id":92847,"href":"https:\/\/biblio.brossard.ca\/brossardana\/wp-json\/wp\/v2\/pages\/91606\/revisions\/92847"}],"up":[{"embeddable":true,"href":"https:\/\/biblio.brossard.ca\/brossardana\/wp-json\/wp\/v2\/pages\/92827"}],"wp:attachment":[{"href":"https:\/\/biblio.brossard.ca\/brossardana\/wp-json\/wp\/v2\/media?parent=91606"}],"curies":[{"name":"wp","href":"https:\/\/api.w.org\/{rel}","templated":true}]}}