{"id":7,"date":"2013-07-10T18:03:54","date_gmt":"2013-07-10T18:03:54","guid":{"rendered":"http:\/\/brossardana.wordpress.com\/?page_id=1"},"modified":"2017-09-02T22:26:22","modified_gmt":"2017-09-03T02:26:22","slug":"a-propos","status":"publish","type":"page","link":"https:\/\/biblio.brossard.ca\/brossardana\/a-propos\/","title":{"rendered":"Collection Brossardana"},"content":{"rendered":"<p style=\"text-align:justify;\">La <a href=\"https:\/\/biblio.brossard.ca\/\" target=\"_blank\">Biblioth\u00e8que de Brossard Georgette-Lepage<\/a> assure le d\u00e9veloppement, la conservation et la mise en valeur du patrimoine documentaire brossardois via la collection Brossardana. Celle-ci est constitu\u00e9e de plusieurs types de documents qui t\u00e9moignent de l\u2019\u00e9volution historique, sociale, \u00e9conomique, politique et culturelle de la ville de Brossard. La collection Brossardana est accessible \u00e0 toute personne int\u00e9ress\u00e9e par l&rsquo;histoire de Brossard.<\/p>\n<p style=\"text-align:justify;\">Le mot Brossardana est une construction linguistique faite \u00e0 partir du nom de la ville \u00ab&nbsp;Brossard&nbsp;\u00bb et du suffixe d\u2019origine latine \u00ab&nbsp;ana&nbsp;\u00bb, ou \u00ab&nbsp;iana&nbsp;\u00bb. Ce suffixe, rajout\u00e9 \u00e0 un nom propre, convertit ce dernier en nom commun afin de d\u00e9nommer une collection d\u2019objets ou d\u2019informations relatives \u00e0 un individu, \u00e0 un sujet, \u00e0 un pays, etc. Ainsi, de la m\u00eame mani\u00e8re que l\u2019on traite de <i>Mozartiana<\/i>, de <i>Victoriana<\/i>, ou de <i>Canadiana<\/i> dans la documentation savante, la collection patrimoniale brossardoise se nomme Brossardana.<\/p>\n<p><big><strong>Biblioth\u00e8que de Brossard<\/strong><\/big><br \/>\n<em>Georgette-Lepage<\/em><\/p>\n<p>7855, avenue San Francisco,<br \/>\nBrossard (Qu\u00e9bec) J4X 2A4<br \/>\n450 923-6350<br \/>\n<img decoding=\"async\" src=\"https:\/\/biblio.brossard.ca\/brossardana\/wp-content\/uploads\/accueil\/collection_brossardana\/mail_icon.png\" \/> <a href=\"mailto:bibliotheque@brossard.ca\">bibliotheque@brossard.ca<\/a><\/p>\n","protected":false},"excerpt":{"rendered":"<p>La Biblioth\u00e8que de Brossard Georgette-Lepage assure le d\u00e9veloppement, la conservation et la mise en valeur du patrimoine documentaire brossardois via la collection Brossardana. Celle-ci est constitu\u00e9e de plusieurs types de documents qui t\u00e9moignent de l\u2019\u00e9volution historique, sociale, \u00e9conomique, politique et &hellip; <a href=\"https:\/\/biblio.brossard.ca\/brossardana\/a-propos\/\">Continuer la lecture <span class=\"meta-nav\">&rarr;<\/span><\/a><\/p>\n","protected":false},"author":1,"featured_media":0,"parent":0,"menu_order":0,"comment_status":"closed","ping_status":"closed","template":"","meta":{"_monsterinsights_skip_tracking":false,"_monsterinsights_sitenote_active":false,"_monsterinsights_sitenote_note":"","_monsterinsights_sitenote_category":0,"jetpack_post_was_ever_published":false,"footnotes":""},"class_list":["post-7","page","type-page","status-publish","hentry"],"jetpack_sharing_enabled":false,"jetpack-related-posts":[{"id":153,"url":"https:\/\/biblio.brossard.ca\/brossardana\/a-propos\/projet-brossardana-en-images\/","url_meta":{"origin":7,"position":0},"title":"Projet Brossardana en images","author":"Biblioth\u00e8que de Brossard","date":"16 juillet 2013","format":false,"excerpt":"Les origines du projet \u00ab\u00a0Brossardana en images\u00a0\u00bb prennent forme au d\u00e9but des ann\u00e9es 1980. \u00c0 cette \u00e9poque, M.\u00a0Yvon-Andr\u00e9 Lacroix, alors directeur de la Biblioth\u00e8que municipale de Brossard, et Mme\u00a0Claire S\u00e9guin, biblioth\u00e9caire, initient le projet de r\u00e9daction d\u2019un livre portant sur l\u2019histoire de la municipalit\u00e9 de Brossard. Afin de constituer le\u2026","rel":"","context":"Article similaire","block_context":{"text":"Article similaire","link":""},"img":{"alt_text":"ancienne biblioth\u00e8que","src":"https:\/\/i0.wp.com\/biblio.brossard.ca\/brossardana\/wp-content\/uploads\/accueil\/collection_brossardana\/projet_brossardana_images\/projet_brossardana_images_01.jpg?resize=350%2C200&ssl=1","width":350,"height":200},"classes":[]},{"id":418,"url":"https:\/\/biblio.brossard.ca\/brossardana\/a-propos\/utilisation-des-images\/","url_meta":{"origin":7,"position":1},"title":"Utilisation des images","author":"Biblioth\u00e8que de Brossard","date":"29 juillet 2013","format":false,"excerpt":"Utilisation des images tir\u00e9es de la collection Brossardana Les images contenues dans la collection Brossardana sont prot\u00e9g\u00e9es par la Loi sur le droit d\u2019auteur. Elles peuvent \u00eatre utilis\u00e9es \u00e0 des fins \u00e9ducative, d'\u00e9tude priv\u00e9e ou de recherche, \u00e0 la condition que la source des images soit indiqu\u00e9e. Pour r\u00e9f\u00e9rer \u00e0\u2026","rel":"","context":"Article similaire","block_context":{"text":"Article similaire","link":""},"img":{"alt_text":"logo Brossard","src":"https:\/\/i0.wp.com\/biblio.brossard.ca\/brossardana\/wp-content\/uploads\/accueil\/logo_brossard.jpg?resize=350%2C200&ssl=1","width":350,"height":200},"classes":[]},{"id":38,"url":"https:\/\/biblio.brossard.ca\/brossardana\/versement-dimages\/","url_meta":{"origin":7,"position":2},"title":"Appel au versement d&rsquo;images","author":"Biblioth\u00e8que de Brossard","date":"12 juillet 2013","format":false,"excerpt":"La Biblioth\u00e8que de Brossard Georgette-Lepage recherche vos photos! Afin de poursuivre l\u2019enrichissement de la collection Brossardana, la biblioth\u00e8que est toujours \u00e0 la recherche de photographies, de n\u00e9gatifs et de diapositives qui puissent t\u00e9moigner de la vie des citoyens de la Ville de Brossard, ou de leur rayonnement \u00e0 l\u2019\u00e9tranger. Les\u2026","rel":"","context":"Article similaire","block_context":{"text":"Article similaire","link":""},"img":{"alt_text":"logo Brossard","src":"https:\/\/i0.wp.com\/biblio.brossard.ca\/brossardana\/wp-content\/uploads\/accueil\/logo_brossard.jpg?resize=350%2C200&ssl=1","width":350,"height":200},"classes":[]},{"id":93027,"url":"https:\/\/biblio.brossard.ca\/brossardana\/liens-partenaires\/","url_meta":{"origin":7,"position":3},"title":"Liens","author":"Biblioth\u00e8que de Brossard","date":"13 d\u00e9cembre 2018","format":false,"excerpt":"Archives Montr\u00e9al Site des archives de la ville de Montr\u00e9al Hamilton Public Library - Local history and archives Histoire locale et archives de la ville d'Hamilton Canadiana Site des archives num\u00e9riques du Canada Collection d'images de BAnQ S\u00e9lection de documents iconographiques num\u00e9ris\u00e9s de BAnQ Archives de la Ville de Qu\u00e9bec\u2026","rel":"","context":"Article similaire","block_context":{"text":"Article similaire","link":""},"img":{"alt_text":"","src":"","width":0,"height":0},"classes":[]},{"id":92812,"url":"https:\/\/biblio.brossard.ca\/brossardana\/qui-est-ce\/qui-est-ce-6-de-10\/","url_meta":{"origin":7,"position":4},"title":"Qui est-ce? (6 de 10)","author":"Biblioth\u00e8que de Brossard","date":"7 mars 2018","format":false,"excerpt":"Cette photographie aurait \u00e9t\u00e9 prise dans le cadre de la cr\u00e9ation du logo de Brossard. Reconnaissez-vous les visages sous les num\u00e9ro 1 \u00e0 5? Nous tenons \u00e0 remercier tous ceux qui nous ont aid\u00e9s \u00e0 identifier les gens apparaissant sur les photographies (pour consulter les r\u00e9sultats, cliquez ici).","rel":"","context":"Avec 1 commentaire","block_context":{"text":"Avec 1 commentaire","link":"https:\/\/biblio.brossard.ca\/brossardana\/qui-est-ce\/qui-est-ce-6-de-10\/#comments"},"img":{"alt_text":"","src":"","width":0,"height":0},"classes":[]},{"id":92827,"url":"https:\/\/biblio.brossard.ca\/brossardana\/qui-est-ce\/","url_meta":{"origin":7,"position":5},"title":"Qui est-ce?","author":"Biblioth\u00e8que de Brossard","date":"7 mars 2018","format":false,"excerpt":"Dans le but d'am\u00e9liorer la description des photos \u00e0 l'int\u00e9rieur de sa base de donn\u00e9es, la Biblioth\u00e8que de Brossard Georgette-Lepage a besoin de votre participation afin d'identifier les gens qui apparaissent sur certains clich\u00e9s. Cliquez sur une photo pour commencer \u00e0 identifier! Nous tenons \u00e0 remercier tous ceux qui nous\u2026","rel":"","context":"Article similaire","block_context":{"text":"Article similaire","link":""},"img":{"alt_text":"","src":"","width":0,"height":0},"classes":[]}],"_links":{"self":[{"href":"https:\/\/biblio.brossard.ca\/brossardana\/wp-json\/wp\/v2\/pages\/7","targetHints":{"allow":["GET"]}}],"collection":[{"href":"https:\/\/biblio.brossard.ca\/brossardana\/wp-json\/wp\/v2\/pages"}],"about":[{"href":"https:\/\/biblio.brossard.ca\/brossardana\/wp-json\/wp\/v2\/types\/page"}],"author":[{"embeddable":true,"href":"https:\/\/biblio.brossard.ca\/brossardana\/wp-json\/wp\/v2\/users\/1"}],"replies":[{"embeddable":true,"href":"https:\/\/biblio.brossard.ca\/brossardana\/wp-json\/wp\/v2\/comments?post=7"}],"version-history":[{"count":3,"href":"https:\/\/biblio.brossard.ca\/brossardana\/wp-json\/wp\/v2\/pages\/7\/revisions"}],"predecessor-version":[{"id":92709,"href":"https:\/\/biblio.brossard.ca\/brossardana\/wp-json\/wp\/v2\/pages\/7\/revisions\/92709"}],"wp:attachment":[{"href":"https:\/\/biblio.brossard.ca\/brossardana\/wp-json\/wp\/v2\/media?parent=7"}],"curies":[{"name":"wp","href":"https:\/\/api.w.org\/{rel}","templated":true}]}}