{"id":47,"date":"2013-07-12T19:00:07","date_gmt":"2013-07-12T23:00:07","guid":{"rendered":"http:\/\/brossardana.wordpress.com\/?page_id=47"},"modified":"2021-04-15T10:48:09","modified_gmt":"2021-04-15T14:48:09","slug":"formulaire-de-cueillette-dinformations","status":"publish","type":"page","link":"https:\/\/biblio.brossard.ca\/brossardana\/versement-dimages\/formulaire-de-cueillette-dinformations\/","title":{"rendered":"Formulaire de cueillette d&rsquo;images"},"content":{"rendered":"<p style=\"text-align:justify;\"><b>Pour toutes informations concernant le pr\u00e9sent formulaire et\/ou le versement d&rsquo;images veuillez communiquer avec <a href=\"mailto:bibliotheque@brossard.ca\">bibliotheque@brossard.ca<\/a>.<\/b><\/p>\n<p>Un seul formulaire peut \u00eatre utilis\u00e9 pour l\u2019envoi de plusieurs photos. Les informations doivent cependant \u00eatre <b>exactement<\/b> les m\u00eames pour toutes les images auxquelles le formulaire fait r\u00e9f\u00e9rence.<\/p>\n<hr \/>\n\n<div class=\"wpcf7 no-js\" id=\"wpcf7-f93749-o1\" lang=\"fr-FR\" dir=\"ltr\" data-wpcf7-id=\"93749\">\n<div class=\"screen-reader-response\"><p role=\"status\" aria-live=\"polite\" aria-atomic=\"true\"><\/p> <ul><\/ul><\/div>\n<form action=\"\/brossardana\/wp-json\/wp\/v2\/pages\/47#wpcf7-f93749-o1\" method=\"post\" class=\"wpcf7-form init\" aria-label=\"Formulaire de contact\" enctype=\"multipart\/form-data\" novalidate=\"novalidate\" data-status=\"init\">\n<fieldset class=\"hidden-fields-container\"><input type=\"hidden\" name=\"_wpcf7\" value=\"93749\" \/><input type=\"hidden\" name=\"_wpcf7_version\" value=\"6.1.4\" \/><input type=\"hidden\" name=\"_wpcf7_locale\" value=\"fr_FR\" \/><input type=\"hidden\" name=\"_wpcf7_unit_tag\" value=\"wpcf7-f93749-o1\" \/><input type=\"hidden\" name=\"_wpcf7_container_post\" value=\"0\" \/><input type=\"hidden\" name=\"_wpcf7_posted_data_hash\" value=\"\" \/><input type=\"hidden\" name=\"_wpcf7_recaptcha_response\" value=\"\" \/>\n<\/fieldset>\n<p><label>Nom du donateur <span style=\"font-weight: 400;\">(obligatoire)<\/span><\/label> <span class=\"wpcf7-form-control-wrap\" data-name=\"nom-donateur\"><input size=\"40\" maxlength=\"400\" class=\"wpcf7-form-control wpcf7-text wpcf7-validates-as-required\" aria-required=\"true\" aria-invalid=\"false\" value=\"\" type=\"text\" name=\"nom-donateur\" \/><\/span><\/p>\n\n<p><label>Votre courriel <span style=\"font-weight: 400;\">(obligatoire)<\/span><\/label> <span class=\"wpcf7-form-control-wrap\" data-name=\"courriel\"><input size=\"40\" maxlength=\"400\" class=\"wpcf7-form-control wpcf7-email wpcf7-validates-as-required wpcf7-text wpcf7-validates-as-email\" aria-required=\"true\" aria-invalid=\"false\" value=\"\" type=\"email\" name=\"courriel\" \/><\/span><\/p>\n\n<p><label>Auteur de l'image<\/label> <span class=\"wpcf7-form-control-wrap\" data-name=\"auteur-image\"><input size=\"40\" maxlength=\"400\" class=\"wpcf7-form-control wpcf7-text\" aria-invalid=\"false\" value=\"\" type=\"text\" name=\"auteur-image\" \/><\/span><\/p>\n\n<p><label>Ann\u00e9e de la prise de vue<\/label> <span class=\"wpcf7-form-control-wrap\" data-name=\"annee-prise-vue\"><input size=\"40\" maxlength=\"400\" class=\"wpcf7-form-control wpcf7-text\" aria-invalid=\"false\" value=\"\" type=\"text\" name=\"annee-prise-vue\" \/><\/span><\/p>\n\n<p><label>Type d'image<\/label> <span class=\"wpcf7-form-control-wrap\" data-name=\"type-image\"><span class=\"wpcf7-form-control wpcf7-checkbox\"><span class=\"wpcf7-list-item first\"><input type=\"checkbox\" name=\"type-image[]\" value=\"Photographie couleurs\" \/><span class=\"wpcf7-list-item-label\">Photographie couleurs<\/span><\/span><span class=\"wpcf7-list-item\"><input type=\"checkbox\" name=\"type-image[]\" value=\"Photographie noir et blanc\" \/><span class=\"wpcf7-list-item-label\">Photographie noir et blanc<\/span><\/span><span class=\"wpcf7-list-item\"><input type=\"checkbox\" name=\"type-image[]\" value=\"Diapositive\" \/><span class=\"wpcf7-list-item-label\">Diapositive<\/span><\/span><span class=\"wpcf7-list-item\"><input type=\"checkbox\" name=\"type-image[]\" value=\"N\u00e9gatif couleurs\" \/><span class=\"wpcf7-list-item-label\">N\u00e9gatif couleurs<\/span><\/span><span class=\"wpcf7-list-item last\"><input type=\"checkbox\" name=\"type-image[]\" value=\"N\u00e9gatif noir et blanc\" \/><span class=\"wpcf7-list-item-label\">N\u00e9gatif noir et blanc<\/span><\/span><\/span><\/span><\/p>\n\n<p><label>Description du sujet de l'image <span style=\"font-weight: 400;\">(obligatoire)<\/span><\/label> <span class=\"wpcf7-form-control-wrap\" data-name=\"description\"><textarea cols=\"40\" rows=\"10\" maxlength=\"2000\" class=\"wpcf7-form-control wpcf7-textarea wpcf7-validates-as-required\" aria-required=\"true\" aria-invalid=\"false\" name=\"description\"><\/textarea><\/span><\/label><\/p>\n\n<p><label>Joindre la ou les photos<\/label>Taille maximale de la photo : 20 Mo. Pour envoyer plusieurs photos, utilisez le format compress\u00e9 \u00ab&nbsp;zip&nbsp;\u00bb.<br \/>\n<span class=\"wpcf7-form-control-wrap\" data-name=\"photo\"><input size=\"40\" class=\"wpcf7-form-control wpcf7-file wpcf7-validates-as-required\" accept=\".zip,.gif,.png,.jpg,.jpeg,.pdf,.doc,.docx,.tif,.tiff\" aria-required=\"true\" aria-invalid=\"false\" type=\"file\" name=\"photo\" \/><\/span><\/p>\n\n<p><label>Notes - Commentaires<\/label> <span class=\"wpcf7-form-control-wrap\" data-name=\"notes-commentaires\"><textarea cols=\"40\" rows=\"10\" maxlength=\"2000\" class=\"wpcf7-form-control wpcf7-textarea\" aria-invalid=\"false\" name=\"notes-commentaires\"><\/textarea><\/span><\/p>\n\n<p><b>Conditions g\u00e9n\u00e9rales du don de photographies<\/b><\/p>\n\n<ul>\n\t<li>Le don est effectu\u00e9 \u00e0 titre gracieux.<\/li>\n\t<li>Le don est imm\u00e9diat, non exclusif, irr\u00e9vocable, non transf\u00e9rable et sans limites territoriales et de temps.<\/li>\n\t<li>Les photographies propos\u00e9es sont mises \u00e0 la disposition de la Biblioth\u00e8que de Brossard Georgette-Lepage.<\/li>\n\t<li>En soumettant une ou plusieurs photographies, vous autorisez la Biblioth\u00e8que de Brossard Georgette-Lepage \u00e0 :\n\t<ul>\n\t<li>Exploiter les photographies;<\/li>\n\t<li>Num\u00e9riser et communiquer ce mat\u00e9riel au public, sur tout support et par tout proc\u00e9d\u00e9 technique jug\u00e9 appropri\u00e9; ces images seront utilis\u00e9es uniquement pour le compte de la Biblioth\u00e8que de Brossard Georgette-Lepage;<\/li>\n\t<li>Modifier le format des photographies et \u00e0 les recadrer, au besoin;<\/li>\n\t<li>R\u00e9diger une l\u00e9gende pour accompagner les photographies (description, p\u00e9riode, source, et le cas \u00e9ch\u00e9ant, le nom du ou de la photographe);<\/li>\n\t<li>Rendre apparente la source, lorsque la Biblioth\u00e8que de Brossard Georgette-Lepage utilisera le mat\u00e9riel fourni, et ce, sans que cette mention vous donne droit \u00e0 une r\u00e9mun\u00e9ration ou \u00e0 un avantage quelconque.<\/li>\n\t<\/ul>\n\t<\/li>\n\t<li>S\u2019agissant des photographies, vous garantissez :\n\t<ul>\n\t<li>Que vous ou un proche \u00eates l\u2019auteur des \u0153uvres;<\/li>\n\t<li>Que vous avez obtenu l\u2019autorisation des personnes photographi\u00e9es;<\/li>\n\t<li>Que vous disposiez de l\u2019int\u00e9gralit\u00e9 des droits de propri\u00e9t\u00e9 mat\u00e9rielle et intellectuelle des photographies.<\/li>\n\t<\/ul>\n\t<\/li>\n<\/ul>\n\n<p>Par cons\u00e9quent, la Biblioth\u00e8que de Brossard Georgette-Lepage ne saurait en aucun cas voir sa responsabilit\u00e9 engag\u00e9e du fait de l\u2019utilisation de ces visuels dans un contexte de mise en valeur historique; les donateurs restant les seules responsables du mat\u00e9riel fourni.<\/p>\n\n<p>Par ailleurs, la Biblioth\u00e8que de Brossard Georgette-Lepage s\u2019engage \u00e0 respecter le droit d\u2019auteur sur les photographies et, de ce fait, \u00e0 mentionner son nom sur tout exemplaire diffus\u00e9.<\/p>\n\n<p><span class=\"wpcf7-form-control-wrap\" data-name=\"accepte-conditions\"><span class=\"wpcf7-form-control wpcf7-acceptance\"><span class=\"wpcf7-list-item\"><label><input type=\"checkbox\" name=\"accepte-conditions\" value=\"1\" aria-invalid=\"false\" \/><span class=\"wpcf7-list-item-label\">Je, ci-haut nomm\u00e9(e) donateur, accepte les conditions.<\/span><\/label><\/span><\/span><\/span><\/p>\n\n<input class=\"wpcf7-form-control wpcf7-submit has-spinner\" type=\"submit\" value=\"Envoyer\" \/><div class=\"wpcf7-response-output\" aria-hidden=\"true\"><\/div>\n<\/form>\n<\/div>\n\n<p><!-- \n\n<hr \/>\n\n\n\n\n<p style=\"text-align:justify;\">* Un seul formulaire peut \u00eatre utilis\u00e9 pour l'envoi de plusieurs photos. Les informations doivent cependant \u00eatre <strong>exactement<\/strong> les m\u00eames pour toutes les images auxquelles le formulaire fait r\u00e9f\u00e9rence.\n** Les images envoy\u00e9es au projet Brossardana doivent \u00eatre de <strong>tr\u00e8s haute qualit\u00e9<\/strong> (600 DPI et plus) et \u00eatre enregistr\u00e9es en <strong>format \u00ab tiff \u00bb<\/strong>. Elles seront envoyer par courriel sous <strong>format compress\u00e9 \u00ab&nbsp;zip&nbsp;\u00bb<\/strong>. Un fichier compress\u00e9 correspond \u00e0 un formulaire.\n*** Veuillez faire parvenir vos images \u00e0 <a href=\"mailto:bibliotheque@brossard.ca\">bibliotheque@brossard.ca<\/a> sous l'intitul\u00e9&nbsp;: <strong>ImagesBrossardana<\/strong>. Pensez \u00e0<strong> vous nommer<\/strong> \u00e0 l'int\u00e9rieur de votre courriel.<\/p>\n\n\n\n\n\n\n<hr \/>\n\n\n[contact-form to='bibliotheque@brossard.ca' subject='FormulaireBrossardana'][contact-field label='Nom du donateur' type='text' required='1'\/][contact-field label='Auteur de l%26#039;image' type='text'\/][contact-field label='Ann\u00e9e de la prise de vue' type='text'\/][contact-field label='Type d%26#039;image num\u00e9ris\u00e9e' type='radio' options='Diapositive,N\u00e9gatif couleurs,N\u00e9gatif noir et blanc,Photographie couleurs,Photographie noir et blanc'\/][contact-field label='Description du sujet de l%26#039;image' type='textarea' required='1'\/][contact-field label='Nombre d%26#039;image(s) li\u00e9e(s) \u00e0 ce formulaire' type='text' required='1'\/][contact-field label='Si vous remettez plusieurs formulaires%26#x002c; veuillez nous en indiquer le nombre' type='text'\/][contact-field label='Notes - Commentaires' type='textarea'\/]\n\n\n\n<hr \/>\n\n\n\n\n\n<h2>Conditions g\u00e9n\u00e9rales du pr\u00eat de photographies<\/h2>\n\n\n\n\n<ul>\n\t\n\n<li style=\"text-align:justify;\">Le pr\u00eat est effectu\u00e9 \u00e0 titre gracieux.<\/li>\n\n\n\t\n\n<li style=\"text-align:justify;\">Le pr\u00eat est imm\u00e9diat, non exclusif, irr\u00e9vocable, non transf\u00e9rable et sans limites territoriales et de temps.<\/li>\n\n\n\t\n\n<li style=\"text-align:justify;\">Les photographies propos\u00e9es sont mises \u00e0 la disposition de la Biblioth\u00e8que de Brossard Georgette-Lepage.<\/li>\n\n\n\t\n\n<li style=\"text-align:justify;\">En soumettant une ou plusieurs photographies, vous autorisez la Biblioth\u00e8que de Brossard Georgette-Lepage \u00e0 :\n\n\n<ul>\n\t\n\n<li>Exploiter les photographies;<\/li>\n\n\n\t\n\n<li>Num\u00e9riser et communiquer ce mat\u00e9riel au public, sur tout support et par tout proc\u00e9d\u00e9 technique jug\u00e9 appropri\u00e9; ces images seront utilis\u00e9es uniquement pour le compte de la Biblioth\u00e8que de Brossard Georgette-Lepage;<\/li>\n\n\n\t\n\n<li>Modifier le format des photographies et \u00e0 les recadrer, au besoin;<\/li>\n\n\n\t\n\n<li>R\u00e9diger une l\u00e9gende pour accompagner les photographies (description, p\u00e9riode, source, et le cas \u00e9ch\u00e9ant, le nom du ou de la photographe);<\/li>\n\n\n\t\n\n<li>Rendre apparente la source, lorsque la Biblioth\u00e8que de Brossard Georgette-Lepage utilisera le mat\u00e9riel fourni, et ce, sans que cette mention vous donne droit \u00e0 une r\u00e9mun\u00e9ration ou \u00e0 un avantage quelconque.<\/li>\n\n\n<\/ul>\n\n\n<\/li>\n\n\n\t\n\n<li style=\"text-align:justify;\">S\u2019agissant des photographies, vous garantissez :\n\n\n<ul>\n\t\n\n<li>Que vous ou un proche \u00eates l\u2019auteur des \u0153uvres;<\/li>\n\n\n\t\n\n<li>Que vous avez obtenu l\u2019autorisation des personnes photographi\u00e9es;<\/li>\n\n\n\t\n\n<li>Que vous disposiez de l\u2019int\u00e9gralit\u00e9 des droits de propri\u00e9t\u00e9 mat\u00e9rielle et intellectuelle des photographies.<\/li>\n\n\n<\/ul>\n\n\n<\/li>\n\n\n<\/ul>\n\n\n\n\n<p style=\"text-align:justify;\">Par cons\u00e9quent, la Biblioth\u00e8que de Brossard Georgette-Lepage ne saurait en aucun cas voir sa responsabilit\u00e9 engag\u00e9e du fait de l\u2019utilisation de ces visuels dans un contexte de mise en valeur historique; les personnes pr\u00eateuses restant les seules responsables du mat\u00e9riel fourni.<\/p>\n\n\n\n\n<p style=\"text-align:justify;\">Par ailleurs, la Biblioth\u00e8que de Brossard Georgette-Lepage s\u2019engage \u00e0 respecter le droit d\u2019auteur sur les photographies et, de ce fait, \u00e0 mentionner son nom sur tout exemplaire diffus\u00e9.<\/p>\n\n\n\n\n\n\n<hr \/>\n\n\n\n[contact-field label='Je%26#x002c; ci-haut nomm\u00e9(e) donateur%26#x002c; accepte les conditions.' type='radio' required='1' options='Oui'\/][\/contact-form] --><\/p>\n","protected":false},"excerpt":{"rendered":"<p>Pour toutes informations concernant le pr\u00e9sent formulaire et\/ou le versement d&rsquo;images veuillez communiquer avec bibliotheque@brossard.ca. Un seul formulaire peut \u00eatre utilis\u00e9 pour l\u2019envoi de plusieurs photos. Les informations doivent cependant \u00eatre exactement les m\u00eames pour toutes les images auxquelles le &hellip; <a href=\"https:\/\/biblio.brossard.ca\/brossardana\/versement-dimages\/formulaire-de-cueillette-dinformations\/\">Continuer la lecture <span class=\"meta-nav\">&rarr;<\/span><\/a><\/p>\n","protected":false},"author":1,"featured_media":0,"parent":38,"menu_order":0,"comment_status":"closed","ping_status":"closed","template":"","meta":{"_monsterinsights_skip_tracking":false,"_monsterinsights_sitenote_active":false,"_monsterinsights_sitenote_note":"","_monsterinsights_sitenote_category":0,"jetpack_post_was_ever_published":false,"footnotes":""},"class_list":["post-47","page","type-page","status-publish","hentry"],"jetpack_sharing_enabled":false,"jetpack-related-posts":[{"id":38,"url":"https:\/\/biblio.brossard.ca\/brossardana\/versement-dimages\/","url_meta":{"origin":47,"position":0},"title":"Appel au versement d&rsquo;images","author":"Biblioth\u00e8que de Brossard","date":"12 juillet 2013","format":false,"excerpt":"La Biblioth\u00e8que de Brossard Georgette-Lepage recherche vos photos! Afin de poursuivre l\u2019enrichissement de la collection Brossardana, la biblioth\u00e8que est toujours \u00e0 la recherche de photographies, de n\u00e9gatifs et de diapositives qui puissent t\u00e9moigner de la vie des citoyens de la Ville de Brossard, ou de leur rayonnement \u00e0 l\u2019\u00e9tranger. Les\u2026","rel":"","context":"Article similaire","block_context":{"text":"Article similaire","link":""},"img":{"alt_text":"logo Brossard","src":"https:\/\/i0.wp.com\/biblio.brossard.ca\/brossardana\/wp-content\/uploads\/accueil\/logo_brossard.jpg?resize=350%2C200&ssl=1","width":350,"height":200},"classes":[]},{"id":93027,"url":"https:\/\/biblio.brossard.ca\/brossardana\/liens-partenaires\/","url_meta":{"origin":47,"position":1},"title":"Liens","author":"Biblioth\u00e8que de Brossard","date":"13 d\u00e9cembre 2018","format":false,"excerpt":"Archives Montr\u00e9al Site des archives de la ville de Montr\u00e9al Hamilton Public Library - Local history and archives Histoire locale et archives de la ville d'Hamilton Canadiana Site des archives num\u00e9riques du Canada Collection d'images de BAnQ S\u00e9lection de documents iconographiques num\u00e9ris\u00e9s de BAnQ Archives de la Ville de Qu\u00e9bec\u2026","rel":"","context":"Article similaire","block_context":{"text":"Article similaire","link":""},"img":{"alt_text":"","src":"","width":0,"height":0},"classes":[]},{"id":153,"url":"https:\/\/biblio.brossard.ca\/brossardana\/a-propos\/projet-brossardana-en-images\/","url_meta":{"origin":47,"position":2},"title":"Projet Brossardana en images","author":"Biblioth\u00e8que de Brossard","date":"16 juillet 2013","format":false,"excerpt":"Les origines du projet \u00ab\u00a0Brossardana en images\u00a0\u00bb prennent forme au d\u00e9but des ann\u00e9es 1980. \u00c0 cette \u00e9poque, M.\u00a0Yvon-Andr\u00e9 Lacroix, alors directeur de la Biblioth\u00e8que municipale de Brossard, et Mme\u00a0Claire S\u00e9guin, biblioth\u00e9caire, initient le projet de r\u00e9daction d\u2019un livre portant sur l\u2019histoire de la municipalit\u00e9 de Brossard. Afin de constituer le\u2026","rel":"","context":"Article similaire","block_context":{"text":"Article similaire","link":""},"img":{"alt_text":"ancienne biblioth\u00e8que","src":"https:\/\/i0.wp.com\/biblio.brossard.ca\/brossardana\/wp-content\/uploads\/accueil\/collection_brossardana\/projet_brossardana_images\/projet_brossardana_images_01.jpg?resize=350%2C200&ssl=1","width":350,"height":200},"classes":[]},{"id":418,"url":"https:\/\/biblio.brossard.ca\/brossardana\/a-propos\/utilisation-des-images\/","url_meta":{"origin":47,"position":3},"title":"Utilisation des images","author":"Biblioth\u00e8que de Brossard","date":"29 juillet 2013","format":false,"excerpt":"Utilisation des images tir\u00e9es de la collection Brossardana Les images contenues dans la collection Brossardana sont prot\u00e9g\u00e9es par la Loi sur le droit d\u2019auteur. Elles peuvent \u00eatre utilis\u00e9es \u00e0 des fins \u00e9ducative, d'\u00e9tude priv\u00e9e ou de recherche, \u00e0 la condition que la source des images soit indiqu\u00e9e. Pour r\u00e9f\u00e9rer \u00e0\u2026","rel":"","context":"Article similaire","block_context":{"text":"Article similaire","link":""},"img":{"alt_text":"logo Brossard","src":"https:\/\/i0.wp.com\/biblio.brossard.ca\/brossardana\/wp-content\/uploads\/accueil\/logo_brossard.jpg?resize=350%2C200&ssl=1","width":350,"height":200},"classes":[]},{"id":92810,"url":"https:\/\/biblio.brossard.ca\/brossardana\/qui-est-ce\/qui-est-ce-5-de-10\/","url_meta":{"origin":47,"position":4},"title":"Qui est-ce? (5 de 10)","author":"Biblioth\u00e8que de Brossard","date":"7 mars 2018","format":false,"excerpt":"Il s'agirait de deux policiers. Reconnaissez-vous les visages sous les num\u00e9ro 1 et 2? Nous tenons \u00e0 remercier tous ceux qui nous ont aid\u00e9s \u00e0 identifier les gens apparaissant sur les photographies (pour consulter les r\u00e9sultats, cliquez ici).","rel":"","context":"Avec 3 commentaires","block_context":{"text":"Avec 3 commentaires","link":"https:\/\/biblio.brossard.ca\/brossardana\/qui-est-ce\/qui-est-ce-5-de-10\/#comments"},"img":{"alt_text":"","src":"","width":0,"height":0},"classes":[]},{"id":92802,"url":"https:\/\/biblio.brossard.ca\/brossardana\/qui-est-ce\/qui-est-ce-10-de-10\/","url_meta":{"origin":47,"position":5},"title":"Qui est-ce? (10 de 10)","author":"Biblioth\u00e8que de Brossard","date":"7 mars 2018","format":false,"excerpt":"Cette photographie fut prise lors d'un conseil municipal. Reconnaissez-vous les visages sous les num\u00e9ro 1 \u00e0 6? Nous tenons \u00e0 remercier tous ceux qui nous ont aid\u00e9s \u00e0 identifier les gens apparaissant sur les photographies (pour consulter les r\u00e9sultats, cliquez ici).","rel":"","context":"Avec 2 commentaires","block_context":{"text":"Avec 2 commentaires","link":"https:\/\/biblio.brossard.ca\/brossardana\/qui-est-ce\/qui-est-ce-10-de-10\/#comments"},"img":{"alt_text":"","src":"","width":0,"height":0},"classes":[]}],"_links":{"self":[{"href":"https:\/\/biblio.brossard.ca\/brossardana\/wp-json\/wp\/v2\/pages\/47","targetHints":{"allow":["GET"]}}],"collection":[{"href":"https:\/\/biblio.brossard.ca\/brossardana\/wp-json\/wp\/v2\/pages"}],"about":[{"href":"https:\/\/biblio.brossard.ca\/brossardana\/wp-json\/wp\/v2\/types\/page"}],"author":[{"embeddable":true,"href":"https:\/\/biblio.brossard.ca\/brossardana\/wp-json\/wp\/v2\/users\/1"}],"replies":[{"embeddable":true,"href":"https:\/\/biblio.brossard.ca\/brossardana\/wp-json\/wp\/v2\/comments?post=47"}],"version-history":[{"count":14,"href":"https:\/\/biblio.brossard.ca\/brossardana\/wp-json\/wp\/v2\/pages\/47\/revisions"}],"predecessor-version":[{"id":93763,"href":"https:\/\/biblio.brossard.ca\/brossardana\/wp-json\/wp\/v2\/pages\/47\/revisions\/93763"}],"up":[{"embeddable":true,"href":"https:\/\/biblio.brossard.ca\/brossardana\/wp-json\/wp\/v2\/pages\/38"}],"wp:attachment":[{"href":"https:\/\/biblio.brossard.ca\/brossardana\/wp-json\/wp\/v2\/media?parent=47"}],"curies":[{"name":"wp","href":"https:\/\/api.w.org\/{rel}","templated":true}]}}