{"id":418,"date":"2013-07-29T11:15:12","date_gmt":"2013-07-29T15:15:12","guid":{"rendered":"http:\/\/brossardana.wordpress.com\/?page_id=418"},"modified":"2018-12-14T14:50:24","modified_gmt":"2018-12-14T19:50:24","slug":"utilisation-des-images","status":"publish","type":"page","link":"https:\/\/biblio.brossard.ca\/brossardana\/a-propos\/utilisation-des-images\/","title":{"rendered":"Utilisation des images"},"content":{"rendered":"<h2>Utilisation des images tir\u00e9es de la collection Brossardana<\/h2>\n<p style=\"text-align:justify;\">Les images contenues dans la collection Brossardana sont prot\u00e9g\u00e9es par la Loi sur le droit d\u2019auteur. Elles peuvent \u00eatre utilis\u00e9es \u00e0 des fins \u00e9ducative, d&rsquo;\u00e9tude priv\u00e9e ou de recherche, \u00e0 la condition que la source des images soit indiqu\u00e9e.<\/p>\n<p style=\"text-align:justify;\">Pour r\u00e9f\u00e9rer \u00e0 une image de la collection Brossardana utilis\u00e9e \u00e0 une des fins mentionn\u00e9es ci-dessus, ou pour int\u00e9grer un extrait de texte ou une image \u00e0 un document imprim\u00e9 ou \u00e0 une page Web, toujours \u00e0 des fins \u00e9ducatives, d\u2019\u00e9tude priv\u00e9e ou de recherche, il suffit d\u2019ajouter la r\u00e9f\u00e9rence compl\u00e8te de l&rsquo;image (titre, auteur, ann\u00e9e, mode d\u2019acquisition) et son lien URL \u00e0 la mention de provenance. La mention de provenance \u00e0 privil\u00e9gier est&nbsp;: <strong>Collection Brossardana en images; Biblioth\u00e8que de Brossard Georgette-Lepage.<\/strong><\/p>\n<p style=\"text-align:justify;\">Toute autre utilisation que celles mentionn\u00e9es ci-dessus, notamment \u00e0 des fins commerciales, sous quelque forme que ce soit, n\u00e9cessite l\u2019autorisation pr\u00e9alable de la <a href=\"https:\/\/biblio.brossard.ca\/ecrivez-nous\/\" target=\"_blank\">Biblioth\u00e8que de Brossard Georgette-Lepage<\/a> et, le cas \u00e9ch\u00e9ant, des ayants droit lorsque la Biblioth\u00e8que de Brossard Georgette-Lepage n\u2019est pas titulaire des droits.<\/p>\n<p align=\"right\">L\u2019\u00e9quipe de la Biblioth\u00e8que de Brossard Georgette-Lepage<\/p>\n<p><a href=\"http:\/\/www.brossard.ca\/\" target=\"_blank\"><img loading=\"lazy\" decoding=\"async\" class=\"alignright\" style=\"border:0 none;\" alt=\"logo Brossard\" src=\"https:\/\/biblio.brossard.ca\/brossardana\/wp-content\/uploads\/accueil\/logo_brossard.jpg\" width=\"223\" height=\"43\" \/><\/a><\/p>\n","protected":false},"excerpt":{"rendered":"<p>Utilisation des images tir\u00e9es de la collection Brossardana Les images contenues dans la collection Brossardana sont prot\u00e9g\u00e9es par la Loi sur le droit d\u2019auteur. Elles peuvent \u00eatre utilis\u00e9es \u00e0 des fins \u00e9ducative, d&rsquo;\u00e9tude priv\u00e9e ou de recherche, \u00e0 la condition &hellip; <a href=\"https:\/\/biblio.brossard.ca\/brossardana\/a-propos\/utilisation-des-images\/\">Continuer la lecture <span class=\"meta-nav\">&rarr;<\/span><\/a><\/p>\n","protected":false},"author":1,"featured_media":0,"parent":7,"menu_order":0,"comment_status":"closed","ping_status":"closed","template":"","meta":{"_monsterinsights_skip_tracking":false,"_monsterinsights_sitenote_active":false,"_monsterinsights_sitenote_note":"","_monsterinsights_sitenote_category":0,"jetpack_post_was_ever_published":false,"footnotes":""},"class_list":["post-418","page","type-page","status-publish","hentry"],"jetpack_sharing_enabled":true,"jetpack-related-posts":[{"id":38,"url":"https:\/\/biblio.brossard.ca\/brossardana\/versement-dimages\/","url_meta":{"origin":418,"position":0},"title":"Appel au versement d&rsquo;images","author":"Biblioth\u00e8que de Brossard","date":"12 juillet 2013","format":false,"excerpt":"La Biblioth\u00e8que de Brossard Georgette-Lepage recherche vos photos! Afin de poursuivre l\u2019enrichissement de la collection Brossardana, la biblioth\u00e8que est toujours \u00e0 la recherche de photographies, de n\u00e9gatifs et de diapositives qui puissent t\u00e9moigner de la vie des citoyens de la Ville de Brossard, ou de leur rayonnement \u00e0 l\u2019\u00e9tranger. Les\u2026","rel":"","context":"Article similaire","block_context":{"text":"Article similaire","link":""},"img":{"alt_text":"logo Brossard","src":"https:\/\/i0.wp.com\/biblio.brossard.ca\/brossardana\/wp-content\/uploads\/accueil\/logo_brossard.jpg?resize=350%2C200&ssl=1","width":350,"height":200},"classes":[]},{"id":153,"url":"https:\/\/biblio.brossard.ca\/brossardana\/a-propos\/projet-brossardana-en-images\/","url_meta":{"origin":418,"position":1},"title":"Projet Brossardana en images","author":"Biblioth\u00e8que de Brossard","date":"16 juillet 2013","format":false,"excerpt":"Les origines du projet \u00ab\u00a0Brossardana en images\u00a0\u00bb prennent forme au d\u00e9but des ann\u00e9es 1980. \u00c0 cette \u00e9poque, M.\u00a0Yvon-Andr\u00e9 Lacroix, alors directeur de la Biblioth\u00e8que municipale de Brossard, et Mme\u00a0Claire S\u00e9guin, biblioth\u00e9caire, initient le projet de r\u00e9daction d\u2019un livre portant sur l\u2019histoire de la municipalit\u00e9 de Brossard. Afin de constituer le\u2026","rel":"","context":"Article similaire","block_context":{"text":"Article similaire","link":""},"img":{"alt_text":"ancienne biblioth\u00e8que","src":"https:\/\/i0.wp.com\/biblio.brossard.ca\/brossardana\/wp-content\/uploads\/accueil\/collection_brossardana\/projet_brossardana_images\/projet_brossardana_images_01.jpg?resize=350%2C200&ssl=1","width":350,"height":200},"classes":[]},{"id":7,"url":"https:\/\/biblio.brossard.ca\/brossardana\/a-propos\/","url_meta":{"origin":418,"position":2},"title":"Collection Brossardana","author":"Biblioth\u00e8que de Brossard","date":"10 juillet 2013","format":false,"excerpt":"La Biblioth\u00e8que de Brossard Georgette-Lepage assure le d\u00e9veloppement, la conservation et la mise en valeur du patrimoine documentaire brossardois via la collection Brossardana. Celle-ci est constitu\u00e9e de plusieurs types de documents qui t\u00e9moignent de l\u2019\u00e9volution historique, sociale, \u00e9conomique, politique et culturelle de la ville de Brossard. La collection Brossardana est\u2026","rel":"","context":"Article similaire","block_context":{"text":"Article similaire","link":""},"img":{"alt_text":"","src":"","width":0,"height":0},"classes":[]},{"id":93027,"url":"https:\/\/biblio.brossard.ca\/brossardana\/liens-partenaires\/","url_meta":{"origin":418,"position":3},"title":"Liens","author":"Biblioth\u00e8que de Brossard","date":"13 d\u00e9cembre 2018","format":false,"excerpt":"Archives Montr\u00e9al Site des archives de la ville de Montr\u00e9al Hamilton Public Library - Local history and archives Histoire locale et archives de la ville d'Hamilton Canadiana Site des archives num\u00e9riques du Canada Collection d'images de BAnQ S\u00e9lection de documents iconographiques num\u00e9ris\u00e9s de BAnQ Archives de la Ville de Qu\u00e9bec\u2026","rel":"","context":"Article similaire","block_context":{"text":"Article similaire","link":""},"img":{"alt_text":"","src":"","width":0,"height":0},"classes":[]},{"id":47,"url":"https:\/\/biblio.brossard.ca\/brossardana\/versement-dimages\/formulaire-de-cueillette-dinformations\/","url_meta":{"origin":418,"position":4},"title":"Formulaire de cueillette d&rsquo;images","author":"Biblioth\u00e8que de Brossard","date":"12 juillet 2013","format":false,"excerpt":"Pour toutes informations concernant le pr\u00e9sent formulaire et\/ou le versement d'images veuillez communiquer avec bibliotheque@brossard.ca. Un seul formulaire peut \u00eatre utilis\u00e9 pour l\u2019envoi de plusieurs photos. Les informations doivent cependant \u00eatre exactement les m\u00eames pour toutes les images auxquelles le formulaire fait r\u00e9f\u00e9rence.","rel":"","context":"Article similaire","block_context":{"text":"Article similaire","link":""},"img":{"alt_text":"","src":"","width":0,"height":0},"classes":[]},{"id":92827,"url":"https:\/\/biblio.brossard.ca\/brossardana\/qui-est-ce\/","url_meta":{"origin":418,"position":5},"title":"Qui est-ce?","author":"Biblioth\u00e8que de Brossard","date":"7 mars 2018","format":false,"excerpt":"Dans le but d'am\u00e9liorer la description des photos \u00e0 l'int\u00e9rieur de sa base de donn\u00e9es, la Biblioth\u00e8que de Brossard Georgette-Lepage a besoin de votre participation afin d'identifier les gens qui apparaissent sur certains clich\u00e9s. Cliquez sur une photo pour commencer \u00e0 identifier! Nous tenons \u00e0 remercier tous ceux qui nous\u2026","rel":"","context":"Article similaire","block_context":{"text":"Article similaire","link":""},"img":{"alt_text":"","src":"","width":0,"height":0},"classes":[]}],"_links":{"self":[{"href":"https:\/\/biblio.brossard.ca\/brossardana\/wp-json\/wp\/v2\/pages\/418","targetHints":{"allow":["GET"]}}],"collection":[{"href":"https:\/\/biblio.brossard.ca\/brossardana\/wp-json\/wp\/v2\/pages"}],"about":[{"href":"https:\/\/biblio.brossard.ca\/brossardana\/wp-json\/wp\/v2\/types\/page"}],"author":[{"embeddable":true,"href":"https:\/\/biblio.brossard.ca\/brossardana\/wp-json\/wp\/v2\/users\/1"}],"replies":[{"embeddable":true,"href":"https:\/\/biblio.brossard.ca\/brossardana\/wp-json\/wp\/v2\/comments?post=418"}],"version-history":[{"count":3,"href":"https:\/\/biblio.brossard.ca\/brossardana\/wp-json\/wp\/v2\/pages\/418\/revisions"}],"predecessor-version":[{"id":93090,"href":"https:\/\/biblio.brossard.ca\/brossardana\/wp-json\/wp\/v2\/pages\/418\/revisions\/93090"}],"up":[{"embeddable":true,"href":"https:\/\/biblio.brossard.ca\/brossardana\/wp-json\/wp\/v2\/pages\/7"}],"wp:attachment":[{"href":"https:\/\/biblio.brossard.ca\/brossardana\/wp-json\/wp\/v2\/media?parent=418"}],"curies":[{"name":"wp","href":"https:\/\/api.w.org\/{rel}","templated":true}]}}