{"id":38,"date":"2013-07-12T13:43:38","date_gmt":"2013-07-12T17:43:38","guid":{"rendered":"http:\/\/brossardana.wordpress.com\/?page_id=38"},"modified":"2018-10-12T18:57:40","modified_gmt":"2018-10-12T22:57:40","slug":"versement-dimages","status":"publish","type":"page","link":"https:\/\/biblio.brossard.ca\/brossardana\/versement-dimages\/","title":{"rendered":"Appel au versement d&rsquo;images"},"content":{"rendered":"<h2>La Biblioth\u00e8que de Brossard Georgette-Lepage recherche vos photos!<\/h2>\n<p style=\"text-align:justify;\">Afin de poursuivre l\u2019enrichissement de la <a href=\"https:\/\/biblio.brossard.ca\/brossardana\/a-propos\/\">collection Brossardana<\/a>, la biblioth\u00e8que est toujours \u00e0 la recherche de photographies, de n\u00e9gatifs et de diapositives qui puissent t\u00e9moigner de la vie des citoyens de la Ville de Brossard, ou de leur rayonnement \u00e0 l\u2019\u00e9tranger. Les images recueillies seront vers\u00e9es \u00e0 titre gracieux pour \u00eatre utilis\u00e9es dans diff\u00e9rents projets de mise en valeur patrimoniale de Brossard tels que ce site Internet.<\/p>\n<table>\n<tbody>\n<tr>\n<td style=\"vertical-align: top;\"><img decoding=\"async\" style=\"display: block; margin-left: auto; margin-right: auto;\" src=\"https:\/\/biblio.brossard.ca\/brossardana\/wp-content\/uploads\/accueil\/appel_versement_images\/appel_versement_images_01.jpg\" alt=\"Louveteau 1977\" \/>\n<\/td>\n<td style=\"vertical-align: top;\"><img decoding=\"async\" style=\"display: block; margin-left: auto; margin-right: auto;\" src=\"https:\/\/biblio.brossard.ca\/brossardana\/wp-content\/uploads\/accueil\/appel_versement_images\/appel_versement_images_02.jpg\" alt=\"Bross 198\" \/>\n<\/td>\n<\/tr>\n<\/tbody>\n<\/table>\n<p style=\"text-align:justify;\">Pour r\u00e9cup\u00e9rer vos images, la biblioth\u00e8que vous offre un service de num\u00e9risation \u00e0 l\u2019endroit qui vous convient le mieux, \u00e0 la biblioth\u00e8que ou chez vous. Dans tous les cas, vous conserverez vos originaux. Vous pouvez \u00e9galement nous envoyer vos photos par <a href=\"https:\/\/biblio.brossard.ca\/brossardana\/versement-dimages\/formulaire-de-cueillette-dinformations\/\">formulaire web<\/a>. De plus, pour les organismes participants, ce projet offre la possibilit\u00e9 d\u2019une visibilit\u00e9 accrue par une mention explicite de la provenance des images.<\/p>\n<p style=\"text-align:justify;\">Si vous poss\u00e9dez de tels documents et si vous \u00eates enthousiastes \u00e0 participer \u00e0 l\u2019accroissement du patrimoine documentaire brossardois, si vous connaissez une personne qui pourrait \u00eatre int\u00e9ress\u00e9e par ce projet, ou encore si vous souhaitez avoir de plus amples renseignements, veuillez communiquer avec la biblioth\u00e8que au <a href=\"mailto:bibliotheque@brossard.ca\">bibliotheque@brossard.ca<\/a>.<\/p>\n<p style=\"text-align:justify;\">Vous pouvez \u00e9galement remplir d\u00e8s maintenant le <a href=\"https:\/\/biblio.brossard.ca\/brossardana\/versement-dimages\/formulaire-de-cueillette-dinformations\/\">formulaire de cueillette<\/a> d\u2019informations pour le versement de vos images.<\/p>\n<p>Au plaisir de collaborer avec vous,<\/p>\n<p align=\"right\">L\u2019\u00e9quipe de la Biblioth\u00e8que de Brossard Georgette-Lepage<\/p>\n<p align=\"right\"><a href=\"http:\/\/www.brossard.ca\/\" target=\"_blank\"><img loading=\"lazy\" decoding=\"async\" class=\"alignnone size-full\" style=\"border:0 none;\" src=\"https:\/\/biblio.brossard.ca\/brossardana\/wp-content\/uploads\/accueil\/logo_brossard.jpg\" alt=\"logo Brossard\" width=\"223\" height=\"43\" \/><\/a><\/p>\n","protected":false},"excerpt":{"rendered":"<p>La Biblioth\u00e8que de Brossard Georgette-Lepage recherche vos photos! Afin de poursuivre l\u2019enrichissement de la collection Brossardana, la biblioth\u00e8que est toujours \u00e0 la recherche de photographies, de n\u00e9gatifs et de diapositives qui puissent t\u00e9moigner de la vie des citoyens de la &hellip; <a href=\"https:\/\/biblio.brossard.ca\/brossardana\/versement-dimages\/\">Continuer la lecture <span class=\"meta-nav\">&rarr;<\/span><\/a><\/p>\n","protected":false},"author":1,"featured_media":0,"parent":0,"menu_order":0,"comment_status":"closed","ping_status":"closed","template":"","meta":{"_monsterinsights_skip_tracking":false,"_monsterinsights_sitenote_active":false,"_monsterinsights_sitenote_note":"","_monsterinsights_sitenote_category":0,"jetpack_post_was_ever_published":false,"footnotes":""},"class_list":["post-38","page","type-page","status-publish","hentry"],"jetpack_sharing_enabled":true,"jetpack-related-posts":[{"id":418,"url":"https:\/\/biblio.brossard.ca\/brossardana\/a-propos\/utilisation-des-images\/","url_meta":{"origin":38,"position":0},"title":"Utilisation des images","author":"Biblioth\u00e8que de Brossard","date":"29 juillet 2013","format":false,"excerpt":"Utilisation des images tir\u00e9es de la collection Brossardana Les images contenues dans la collection Brossardana sont prot\u00e9g\u00e9es par la Loi sur le droit d\u2019auteur. Elles peuvent \u00eatre utilis\u00e9es \u00e0 des fins \u00e9ducative, d'\u00e9tude priv\u00e9e ou de recherche, \u00e0 la condition que la source des images soit indiqu\u00e9e. Pour r\u00e9f\u00e9rer \u00e0\u2026","rel":"","context":"Article similaire","block_context":{"text":"Article similaire","link":""},"img":{"alt_text":"logo Brossard","src":"https:\/\/i0.wp.com\/biblio.brossard.ca\/brossardana\/wp-content\/uploads\/accueil\/logo_brossard.jpg?resize=350%2C200&ssl=1","width":350,"height":200},"classes":[]},{"id":153,"url":"https:\/\/biblio.brossard.ca\/brossardana\/a-propos\/projet-brossardana-en-images\/","url_meta":{"origin":38,"position":1},"title":"Projet Brossardana en images","author":"Biblioth\u00e8que de Brossard","date":"16 juillet 2013","format":false,"excerpt":"Les origines du projet \u00ab\u00a0Brossardana en images\u00a0\u00bb prennent forme au d\u00e9but des ann\u00e9es 1980. \u00c0 cette \u00e9poque, M.\u00a0Yvon-Andr\u00e9 Lacroix, alors directeur de la Biblioth\u00e8que municipale de Brossard, et Mme\u00a0Claire S\u00e9guin, biblioth\u00e9caire, initient le projet de r\u00e9daction d\u2019un livre portant sur l\u2019histoire de la municipalit\u00e9 de Brossard. Afin de constituer le\u2026","rel":"","context":"Article similaire","block_context":{"text":"Article similaire","link":""},"img":{"alt_text":"ancienne biblioth\u00e8que","src":"https:\/\/i0.wp.com\/biblio.brossard.ca\/brossardana\/wp-content\/uploads\/accueil\/collection_brossardana\/projet_brossardana_images\/projet_brossardana_images_01.jpg?resize=350%2C200&ssl=1","width":350,"height":200},"classes":[]},{"id":7,"url":"https:\/\/biblio.brossard.ca\/brossardana\/a-propos\/","url_meta":{"origin":38,"position":2},"title":"Collection Brossardana","author":"Biblioth\u00e8que de Brossard","date":"10 juillet 2013","format":false,"excerpt":"La Biblioth\u00e8que de Brossard Georgette-Lepage assure le d\u00e9veloppement, la conservation et la mise en valeur du patrimoine documentaire brossardois via la collection Brossardana. Celle-ci est constitu\u00e9e de plusieurs types de documents qui t\u00e9moignent de l\u2019\u00e9volution historique, sociale, \u00e9conomique, politique et culturelle de la ville de Brossard. La collection Brossardana est\u2026","rel":"","context":"Article similaire","block_context":{"text":"Article similaire","link":""},"img":{"alt_text":"","src":"","width":0,"height":0},"classes":[]},{"id":92812,"url":"https:\/\/biblio.brossard.ca\/brossardana\/qui-est-ce\/qui-est-ce-6-de-10\/","url_meta":{"origin":38,"position":3},"title":"Qui est-ce? (6 de 10)","author":"Biblioth\u00e8que de Brossard","date":"7 mars 2018","format":false,"excerpt":"Cette photographie aurait \u00e9t\u00e9 prise dans le cadre de la cr\u00e9ation du logo de Brossard. Reconnaissez-vous les visages sous les num\u00e9ro 1 \u00e0 5? Nous tenons \u00e0 remercier tous ceux qui nous ont aid\u00e9s \u00e0 identifier les gens apparaissant sur les photographies (pour consulter les r\u00e9sultats, cliquez ici).","rel":"","context":"Avec 1 commentaire","block_context":{"text":"Avec 1 commentaire","link":"https:\/\/biblio.brossard.ca\/brossardana\/qui-est-ce\/qui-est-ce-6-de-10\/#comments"},"img":{"alt_text":"","src":"","width":0,"height":0},"classes":[]},{"id":92827,"url":"https:\/\/biblio.brossard.ca\/brossardana\/qui-est-ce\/","url_meta":{"origin":38,"position":4},"title":"Qui est-ce?","author":"Biblioth\u00e8que de Brossard","date":"7 mars 2018","format":false,"excerpt":"Dans le but d'am\u00e9liorer la description des photos \u00e0 l'int\u00e9rieur de sa base de donn\u00e9es, la Biblioth\u00e8que de Brossard Georgette-Lepage a besoin de votre participation afin d'identifier les gens qui apparaissent sur certains clich\u00e9s. Cliquez sur une photo pour commencer \u00e0 identifier! Nous tenons \u00e0 remercier tous ceux qui nous\u2026","rel":"","context":"Article similaire","block_context":{"text":"Article similaire","link":""},"img":{"alt_text":"","src":"","width":0,"height":0},"classes":[]},{"id":93027,"url":"https:\/\/biblio.brossard.ca\/brossardana\/liens-partenaires\/","url_meta":{"origin":38,"position":5},"title":"Liens","author":"Biblioth\u00e8que de Brossard","date":"13 d\u00e9cembre 2018","format":false,"excerpt":"Archives Montr\u00e9al Site des archives de la ville de Montr\u00e9al Hamilton Public Library - Local history and archives Histoire locale et archives de la ville d'Hamilton Canadiana Site des archives num\u00e9riques du Canada Collection d'images de BAnQ S\u00e9lection de documents iconographiques num\u00e9ris\u00e9s de BAnQ Archives de la Ville de Qu\u00e9bec\u2026","rel":"","context":"Article similaire","block_context":{"text":"Article similaire","link":""},"img":{"alt_text":"","src":"","width":0,"height":0},"classes":[]}],"_links":{"self":[{"href":"https:\/\/biblio.brossard.ca\/brossardana\/wp-json\/wp\/v2\/pages\/38","targetHints":{"allow":["GET"]}}],"collection":[{"href":"https:\/\/biblio.brossard.ca\/brossardana\/wp-json\/wp\/v2\/pages"}],"about":[{"href":"https:\/\/biblio.brossard.ca\/brossardana\/wp-json\/wp\/v2\/types\/page"}],"author":[{"embeddable":true,"href":"https:\/\/biblio.brossard.ca\/brossardana\/wp-json\/wp\/v2\/users\/1"}],"replies":[{"embeddable":true,"href":"https:\/\/biblio.brossard.ca\/brossardana\/wp-json\/wp\/v2\/comments?post=38"}],"version-history":[{"count":19,"href":"https:\/\/biblio.brossard.ca\/brossardana\/wp-json\/wp\/v2\/pages\/38\/revisions"}],"predecessor-version":[{"id":93008,"href":"https:\/\/biblio.brossard.ca\/brossardana\/wp-json\/wp\/v2\/pages\/38\/revisions\/93008"}],"wp:attachment":[{"href":"https:\/\/biblio.brossard.ca\/brossardana\/wp-json\/wp\/v2\/media?parent=38"}],"curies":[{"name":"wp","href":"https:\/\/api.w.org\/{rel}","templated":true}]}}