{"id":153,"date":"2013-07-16T13:23:35","date_gmt":"2013-07-16T17:23:35","guid":{"rendered":"http:\/\/brossardana.wordpress.com\/?page_id=153"},"modified":"2018-10-12T18:38:04","modified_gmt":"2018-10-12T22:38:04","slug":"projet-brossardana-en-images","status":"publish","type":"page","link":"https:\/\/biblio.brossard.ca\/brossardana\/a-propos\/projet-brossardana-en-images\/","title":{"rendered":"Projet Brossardana en images"},"content":{"rendered":"<p style=\"text-align:justify;\"><img loading=\"lazy\" decoding=\"async\" class=\"alignleft\" alt=\"ancienne biblioth\u00e8que\" src=\"https:\/\/biblio.brossard.ca\/brossardana\/wp-content\/uploads\/accueil\/collection_brossardana\/projet_brossardana_images\/projet_brossardana_images_01.jpg\" width=\"160\" height=\"114\" \/>Les origines du projet \u00ab&nbsp;Brossardana en images&nbsp;\u00bb prennent forme au d\u00e9but des ann\u00e9es 1980. \u00c0 cette \u00e9poque, M.&nbsp;Yvon-Andr\u00e9 Lacroix, alors directeur de la Biblioth\u00e8que municipale de Brossard, et M<sup>me<\/sup>&nbsp;Claire S\u00e9guin, biblioth\u00e9caire, initient le projet de r\u00e9daction d\u2019un livre portant sur l\u2019histoire de la municipalit\u00e9 de Brossard. Afin de constituer le fonds de documentation n\u00e9cessaire \u00e0 l\u2019exercice, un appel \u00e0 la population brossardoise est lanc\u00e9 en juin 1982. De plus, un d\u00e9pouillement syst\u00e9matique des articles des journaux locaux (<i>Courrier du Sud<\/i>, <i>l\u2019\u00c9veil<\/i> et <i>l\u2019Information Brossard<\/i>), couvrant la p\u00e9riode de 1954 \u00e0 1982, est r\u00e9alis\u00e9 par l\u2019\u00e9quipe de la biblioth\u00e8que. Tout article pr\u00e9sentant un contenu relatif \u00e0 la Ville de Brossard est alors index\u00e9 et conserv\u00e9. L\u2019acc\u00e8s \u00e0 ces articles, comme \u00e0 tous ceux qui ont joint la collection depuis lors, est disponible \u00e0 la Biblioth\u00e8que de Brossard Georgette-Lepage au sein de la <a href=\"https:\/\/biblio.brossard.ca\/brossardana\/a-propos\/\">Collection Brossardana<\/a>. Ce travail a permis la publication en 1984 du livre <i>Brossard de 1958 \u00e0 1983 : la cr\u00e9ation et l\u2019\u00e9volution d\u2019une banlieue<\/i>.<\/p>\n<p style=\"text-align:justify;\">Ce d\u00e9pouillement se poursuit de la sorte jusqu\u2019\u00e0 l\u2019ann\u00e9e 2000. Au cours de ces ann\u00e9es, plusieurs am\u00e9liorations sont apport\u00e9es \u00e0 la mani\u00e8re de rendre accessible aux citoyens le produit de ce travail. Parmi celles-ci, l\u2019arriv\u00e9e en 1995 de l\u2019informatisation des fiches bibliographiques, qui rend accessible la Collection Brossardana par l\u2019entremise du <a href=\"https:\/\/catalogue.brossard.ca\/\" target=\"_blank\">catalogue de la biblioth\u00e8que<\/a>, est particuli\u00e8rement m\u00e9morable. L\u2019\u00e9poque des r\u00e9organisations municipales qu\u00e9b\u00e9coise, dites \u00ab&nbsp;fusions municipales&nbsp;&nbsp;\u00bb, (de 2000 \u00e0 2006) met par contre un frein au projet; la biblioth\u00e8que devant alors se tourn\u00e9e vers des orientations communes avec la Ville de Longueuil. En 2006, suite aux d\u00e9fusions, le travail reprend. Et celui-ci a toujours cours actuellement.<\/p>\n<p style=\"text-align:justify;\">En 2008, conjointement avec la Biblioth\u00e8que et la <img loading=\"lazy\" decoding=\"async\" class=\"alignright\" alt=\"crise du verglas 1998\" src=\"https:\/\/biblio.brossard.ca\/brossardana\/wp-content\/uploads\/accueil\/collection_brossardana\/projet_brossardana_images\/projet_brossardana_images_02.jpg\" width=\"108\" height=\"160\" \/>Ville de Brossard, M. Michel Pratt fait para\u00eetre le livre <i>Brossard 1958-2008<\/i>. La r\u00e9daction de ce nouvel ouvrage sur l\u2019histoire de la municipalit\u00e9 apporte une fois de plus la recherche de diff\u00e9rents documents relatant les traces du pass\u00e9. Parmi ces documents, une multitude de photographies ont \u00e9t\u00e9 retir\u00e9es des archives municipales afin de pouvoir servir \u00e0 illustrer l\u2019ouvrage. Certaines ont \u00e9t\u00e9 choisies, d\u2019autres non. N\u00e9anmoins, ces images poss\u00e8dent pour la plupart suffisamment de narrativit\u00e9, de signification et d\u2019importance patrimoniale pour devenir des t\u00e9moins autonomes. C\u2019est cette r\u00e9flexion qui a pouss\u00e9 la Biblioth\u00e8que de Brossard Georgette-Lepage \u00e0 trouver un moyen d\u2019utiliser ces images et de les partager. Ainsi, en 2013, une banque d\u2019images patrimoniales interrogeable a \u00e9t\u00e9 cr\u00e9\u00e9e. Le projet Brossardana en images, qui s\u2019inscrit comme un constitutif de la Collection Brossardana, \u00e9tait n\u00e9. Rapidement, l\u2019id\u00e9e de faire <a href=\"https:\/\/biblio.brossard.ca\/brossardana\/versement-dimages\/\">appel aux organismes locaux et aux citoyens<\/a> afin d\u2019augmenter en nombre et en qualit\u00e9 ce premier fonds fut mise de l\u2019avant. La Biblioth\u00e8que a donc d\u00e9cid\u00e9 de faire b\u00e9n\u00e9ficier de ces images au plus grand nombre par un regroupement d\u2019albums th\u00e9matiques continuellement revisit\u00e9s et augment\u00e9s. Ce site vous les pr\u00e9sente.<\/p>\n<p style=\"text-align:justify;\">Le projet Brossardana en images est donc, par les principes qui l\u2019ont fond\u00e9, un t\u00e9moignage des b\u00e2tisseurs pass\u00e9s comme pr\u00e9sents de la Ville de Brossard, mais aussi, et surtout, un hommage \u00e0 ceux-ci.<\/p>\n<p style=\"text-align:right;\"><small>S.Nadeau\/biblio. Georgette-Lepage<\/small><\/p>\n","protected":false},"excerpt":{"rendered":"<p>Les origines du projet \u00ab&nbsp;Brossardana en images&nbsp;\u00bb prennent forme au d\u00e9but des ann\u00e9es 1980. \u00c0 cette \u00e9poque, M.&nbsp;Yvon-Andr\u00e9 Lacroix, alors directeur de la Biblioth\u00e8que municipale de Brossard, et Mme&nbsp;Claire S\u00e9guin, biblioth\u00e9caire, initient le projet de r\u00e9daction d\u2019un livre portant sur &hellip; <a href=\"https:\/\/biblio.brossard.ca\/brossardana\/a-propos\/projet-brossardana-en-images\/\">Continuer la lecture <span class=\"meta-nav\">&rarr;<\/span><\/a><\/p>\n","protected":false},"author":1,"featured_media":0,"parent":7,"menu_order":0,"comment_status":"closed","ping_status":"closed","template":"","meta":{"_monsterinsights_skip_tracking":false,"_monsterinsights_sitenote_active":false,"_monsterinsights_sitenote_note":"","_monsterinsights_sitenote_category":0,"jetpack_post_was_ever_published":false,"footnotes":""},"class_list":["post-153","page","type-page","status-publish","hentry"],"jetpack_sharing_enabled":true,"jetpack-related-posts":[{"id":38,"url":"https:\/\/biblio.brossard.ca\/brossardana\/versement-dimages\/","url_meta":{"origin":153,"position":0},"title":"Appel au versement d&rsquo;images","author":"Biblioth\u00e8que de Brossard","date":"12 juillet 2013","format":false,"excerpt":"La Biblioth\u00e8que de Brossard Georgette-Lepage recherche vos photos! Afin de poursuivre l\u2019enrichissement de la collection Brossardana, la biblioth\u00e8que est toujours \u00e0 la recherche de photographies, de n\u00e9gatifs et de diapositives qui puissent t\u00e9moigner de la vie des citoyens de la Ville de Brossard, ou de leur rayonnement \u00e0 l\u2019\u00e9tranger. Les\u2026","rel":"","context":"Article similaire","block_context":{"text":"Article similaire","link":""},"img":{"alt_text":"logo Brossard","src":"https:\/\/i0.wp.com\/biblio.brossard.ca\/brossardana\/wp-content\/uploads\/accueil\/logo_brossard.jpg?resize=350%2C200&ssl=1","width":350,"height":200},"classes":[]},{"id":418,"url":"https:\/\/biblio.brossard.ca\/brossardana\/a-propos\/utilisation-des-images\/","url_meta":{"origin":153,"position":1},"title":"Utilisation des images","author":"Biblioth\u00e8que de Brossard","date":"29 juillet 2013","format":false,"excerpt":"Utilisation des images tir\u00e9es de la collection Brossardana Les images contenues dans la collection Brossardana sont prot\u00e9g\u00e9es par la Loi sur le droit d\u2019auteur. Elles peuvent \u00eatre utilis\u00e9es \u00e0 des fins \u00e9ducative, d'\u00e9tude priv\u00e9e ou de recherche, \u00e0 la condition que la source des images soit indiqu\u00e9e. Pour r\u00e9f\u00e9rer \u00e0\u2026","rel":"","context":"Article similaire","block_context":{"text":"Article similaire","link":""},"img":{"alt_text":"logo Brossard","src":"https:\/\/i0.wp.com\/biblio.brossard.ca\/brossardana\/wp-content\/uploads\/accueil\/logo_brossard.jpg?resize=350%2C200&ssl=1","width":350,"height":200},"classes":[]},{"id":7,"url":"https:\/\/biblio.brossard.ca\/brossardana\/a-propos\/","url_meta":{"origin":153,"position":2},"title":"Collection Brossardana","author":"Biblioth\u00e8que de Brossard","date":"10 juillet 2013","format":false,"excerpt":"La Biblioth\u00e8que de Brossard Georgette-Lepage assure le d\u00e9veloppement, la conservation et la mise en valeur du patrimoine documentaire brossardois via la collection Brossardana. Celle-ci est constitu\u00e9e de plusieurs types de documents qui t\u00e9moignent de l\u2019\u00e9volution historique, sociale, \u00e9conomique, politique et culturelle de la ville de Brossard. La collection Brossardana est\u2026","rel":"","context":"Article similaire","block_context":{"text":"Article similaire","link":""},"img":{"alt_text":"","src":"","width":0,"height":0},"classes":[]},{"id":92812,"url":"https:\/\/biblio.brossard.ca\/brossardana\/qui-est-ce\/qui-est-ce-6-de-10\/","url_meta":{"origin":153,"position":3},"title":"Qui est-ce? (6 de 10)","author":"Biblioth\u00e8que de Brossard","date":"7 mars 2018","format":false,"excerpt":"Cette photographie aurait \u00e9t\u00e9 prise dans le cadre de la cr\u00e9ation du logo de Brossard. Reconnaissez-vous les visages sous les num\u00e9ro 1 \u00e0 5? Nous tenons \u00e0 remercier tous ceux qui nous ont aid\u00e9s \u00e0 identifier les gens apparaissant sur les photographies (pour consulter les r\u00e9sultats, cliquez ici).","rel":"","context":"Avec 1 commentaire","block_context":{"text":"Avec 1 commentaire","link":"https:\/\/biblio.brossard.ca\/brossardana\/qui-est-ce\/qui-est-ce-6-de-10\/#comments"},"img":{"alt_text":"","src":"","width":0,"height":0},"classes":[]},{"id":92827,"url":"https:\/\/biblio.brossard.ca\/brossardana\/qui-est-ce\/","url_meta":{"origin":153,"position":4},"title":"Qui est-ce?","author":"Biblioth\u00e8que de Brossard","date":"7 mars 2018","format":false,"excerpt":"Dans le but d'am\u00e9liorer la description des photos \u00e0 l'int\u00e9rieur de sa base de donn\u00e9es, la Biblioth\u00e8que de Brossard Georgette-Lepage a besoin de votre participation afin d'identifier les gens qui apparaissent sur certains clich\u00e9s. Cliquez sur une photo pour commencer \u00e0 identifier! Nous tenons \u00e0 remercier tous ceux qui nous\u2026","rel":"","context":"Article similaire","block_context":{"text":"Article similaire","link":""},"img":{"alt_text":"","src":"","width":0,"height":0},"classes":[]},{"id":92817,"url":"https:\/\/biblio.brossard.ca\/brossardana\/qui-est-ce\/qui-est-ce-8-de-10\/","url_meta":{"origin":153,"position":5},"title":"Qui est-ce? (8 de 10)","author":"Biblioth\u00e8que de Brossard","date":"7 mars 2018","format":false,"excerpt":"Cette photographie aurait \u00e9t\u00e9 prise lors de l\u2019inauguration du centre communautaire Nathalie-Croteau au d\u00e9but des ann\u00e9es 1990. Reconnaissez-vous les visages sous les num\u00e9ro 1 et 2? Nous tenons \u00e0 remercier tous ceux qui nous ont aid\u00e9s \u00e0 identifier les gens apparaissant sur les photographies (pour consulter les r\u00e9sultats, cliquez ici).","rel":"","context":"Avec 1 commentaire","block_context":{"text":"Avec 1 commentaire","link":"https:\/\/biblio.brossard.ca\/brossardana\/qui-est-ce\/qui-est-ce-8-de-10\/#comments"},"img":{"alt_text":"","src":"","width":0,"height":0},"classes":[]}],"_links":{"self":[{"href":"https:\/\/biblio.brossard.ca\/brossardana\/wp-json\/wp\/v2\/pages\/153","targetHints":{"allow":["GET"]}}],"collection":[{"href":"https:\/\/biblio.brossard.ca\/brossardana\/wp-json\/wp\/v2\/pages"}],"about":[{"href":"https:\/\/biblio.brossard.ca\/brossardana\/wp-json\/wp\/v2\/types\/page"}],"author":[{"embeddable":true,"href":"https:\/\/biblio.brossard.ca\/brossardana\/wp-json\/wp\/v2\/users\/1"}],"replies":[{"embeddable":true,"href":"https:\/\/biblio.brossard.ca\/brossardana\/wp-json\/wp\/v2\/comments?post=153"}],"version-history":[{"count":4,"href":"https:\/\/biblio.brossard.ca\/brossardana\/wp-json\/wp\/v2\/pages\/153\/revisions"}],"predecessor-version":[{"id":92997,"href":"https:\/\/biblio.brossard.ca\/brossardana\/wp-json\/wp\/v2\/pages\/153\/revisions\/92997"}],"up":[{"embeddable":true,"href":"https:\/\/biblio.brossard.ca\/brossardana\/wp-json\/wp\/v2\/pages\/7"}],"wp:attachment":[{"href":"https:\/\/biblio.brossard.ca\/brossardana\/wp-json\/wp\/v2\/media?parent=153"}],"curies":[{"name":"wp","href":"https:\/\/api.w.org\/{rel}","templated":true}]}}